{"id":12701,"date":"2023-04-17T08:53:42","date_gmt":"2023-04-17T06:53:42","guid":{"rendered":"https:\/\/gut-gebucht.com\/newsletter\/"},"modified":"2023-09-13T14:38:22","modified_gmt":"2023-09-13T12:38:22","slug":"newsletter","status":"publish","type":"page","link":"https:\/\/gut-gebucht.com\/pl\/newsletter\/","title":{"rendered":"Newsletter"},"content":{"rendered":"\n<style type=\"text\/css\" data-created_by=\"avia_inline_auto\" id=\"style-css-av-cumn7z-7296052606b81d7dce7d8c4e02c7659d\">\n.avia-section.av-cumn7z-7296052606b81d7dce7d8c4e02c7659d{\nbackground-repeat:no-repeat;\nbackground-image:url(https:\/\/gut-gebucht.com\/wp-content\/uploads\/2023\/04\/header-newsletter-gutgebucht.png);\nbackground-position:50% 50%;\nbackground-attachment:scroll;\n}\n<\/style>\n<div id='av_section_1'  class='avia-section av-cumn7z-7296052606b81d7dce7d8c4e02c7659d main_color avia-section-default avia-no-border-styling  avia-builder-el-0  el_before_av_section  avia-builder-el-first  wave avia-full-stretch avia-bg-style-scroll av-minimum-height av-minimum-height-100  container_wrap fullsize'  data-section-bg-repeat='stretch' data-av_minimum_height_pc='100'><div class='container av-section-cont-open' ><main  role=\"main\" itemprop=\"mainContentOfPage\"  class='template-page content  av-content-full alpha units'><div class='post-entry post-entry-type-page post-entry-12701'><div class='entry-content-wrapper clearfix'>\n<\/div><\/div><\/main><!-- close content main element --><\/div><\/div><div id='av_section_2'  class='avia-section av-b775m7-280b6ed167b8a38128e2bfcaec0971c2 main_color avia-section-default avia-no-border-styling  avia-builder-el-1  el_after_av_section  avia-builder-el-last  avia-bg-style-scroll container_wrap fullsize'  ><div class='container av-section-cont-open' ><div class='template-page content  av-content-full alpha units'><div class='post-entry post-entry-type-page post-entry-12701'><div class='entry-content-wrapper clearfix'>\n<div class='flex_column av-97wa7j-767f107c5f7d46c085f611adc47c384a av_one_fifth  avia-builder-el-2  el_before_av_three_fifth  avia-builder-el-first  first flex_column_div '     ><\/div><div class='flex_column av-7eelnz-0e3aa6d1a575f3eb8d07ad8ac8d023e7 av_three_fifth  avia-builder-el-3  el_after_av_one_fifth  el_before_av_one_fifth  flex_column_div '     ><style type=\"text\/css\" data-created_by=\"avia_inline_auto\" id=\"style-css-av-lfs6444r-2d3abc5e1dc406363c7254da27a0bc9b\">\n#top .av-special-heading.av-lfs6444r-2d3abc5e1dc406363c7254da27a0bc9b{\nmargin:0 0 0 0;\npadding-bottom:10px;\nfont-size:40px;\n}\nbody .av-special-heading.av-lfs6444r-2d3abc5e1dc406363c7254da27a0bc9b .av-special-heading-tag .heading-char{\nfont-size:25px;\n}\n#top #wrap_all .av-special-heading.av-lfs6444r-2d3abc5e1dc406363c7254da27a0bc9b .av-special-heading-tag{\nfont-size:40px;\n}\n.av-special-heading.av-lfs6444r-2d3abc5e1dc406363c7254da27a0bc9b .av-subheading{\nfont-size:15px;\n}\n\n@media only screen and (min-width: 480px) and (max-width: 767px){ \n#top #wrap_all .av-special-heading.av-lfs6444r-2d3abc5e1dc406363c7254da27a0bc9b .av-special-heading-tag{\nfont-size:0.8em;\n}\n}\n\n@media only screen and (max-width: 479px){ \n#top #wrap_all .av-special-heading.av-lfs6444r-2d3abc5e1dc406363c7254da27a0bc9b .av-special-heading-tag{\nfont-size:0.8em;\n}\n}\n<\/style>\n<div  class='av-special-heading av-lfs6444r-2d3abc5e1dc406363c7254da27a0bc9b av-special-heading-h2 blockquote modern-quote modern-centered  avia-builder-el-4  avia-builder-el-no-sibling  av-inherit-size'><h2 class='av-special-heading-tag'  itemprop=\"headline\"  >B\u0105d\u017a na bie\u017c\u0105co z naszym newsletterem gut-gebucht!<\/h2><div class=\"special-heading-border\"><div class=\"special-heading-inner-border\"><\/div><\/div><\/div><\/div><div class='flex_column av-59be9b-326375011af4af323791658f74b32df3 av_one_fifth  avia-builder-el-5  el_after_av_three_fifth  el_before_av_codeblock  flex_column_div '     ><\/div>\n\n<style type=\"text\/css\" data-created_by=\"avia_inline_auto\" id=\"style-css-av-2b5dnz-72155d1291c727cbd84ecb7c920fb7cd\">\n#top .hr.hr-invisible.av-2b5dnz-72155d1291c727cbd84ecb7c920fb7cd{\nheight:20px;\n}\n<\/style>\n<div  class='hr av-2b5dnz-72155d1291c727cbd84ecb7c920fb7cd hr-invisible  avia-builder-el-7  el_after_av_codeblock  avia-builder-el-last '><span class='hr-inner '><span class=\"hr-inner-style\"><\/span><\/span><\/div>\n\n","protected":false},"excerpt":{"rendered":"","protected":false},"author":1,"featured_media":0,"parent":0,"menu_order":0,"comment_status":"closed","ping_status":"closed","template":"","meta":{"_acf_changed":false,"footnotes":""},"class_list":["post-12701","page","type-page","status-publish","hentry"],"acf":[],"yoast_head":"<!-- This site is optimized with the Yoast SEO plugin v27.5 - https:\/\/yoast.com\/product\/yoast-seo-wordpress\/ -->\n<title>Newsletter | gut-Hotels<\/title>\n<meta name=\"description\" content=\"B\u0105d\u017a na bie\u017c\u0105co z naszym newsletterem gut-gebucht \u2714 Nowo\u015bci \u2714 Oferty specjalne\u2714 Rabaty \u27a4 Zapisz si\u0119 teraz.\" \/>\n<meta name=\"robots\" content=\"index, follow, max-snippet:-1, max-image-preview:large, max-video-preview:-1\" \/>\n<link rel=\"canonical\" href=\"https:\/\/gut-gebucht.com\/pl\/newsletter\/\" \/>\n<meta property=\"og:locale\" content=\"pl_PL\" \/>\n<meta property=\"og:type\" content=\"article\" \/>\n<meta property=\"og:title\" content=\"Newsletter | gut-Hotels\" \/>\n<meta property=\"og:description\" content=\"B\u0105d\u017a na bie\u017c\u0105co z naszym newsletterem gut-gebucht \u2714 Nowo\u015bci \u2714 Oferty specjalne\u2714 Rabaty \u27a4 Zapisz si\u0119 teraz.\" \/>\n<meta property=\"og:url\" content=\"https:\/\/gut-gebucht.com\/pl\/newsletter\/\" \/>\n<meta property=\"og:site_name\" content=\"gut GEBUCHT\" \/>\n<meta property=\"article:publisher\" content=\"https:\/\/www.facebook.com\/gutHotels\" \/>\n<meta property=\"article:modified_time\" content=\"2023-09-13T12:38:22+00:00\" \/>\n<meta property=\"og:image\" content=\"https:\/\/gut-gebucht.com\/wp-content\/uploads\/2023\/04\/header-newsletter-gutgebucht-1030x448.png\" \/>\n<meta name=\"twitter:card\" content=\"summary_large_image\" \/>\n<meta name=\"twitter:title\" content=\"Newsletter | gut-Hotels\" \/>\n<meta name=\"twitter:description\" content=\"B\u0105d\u017a na bie\u017c\u0105co z naszym newsletterem gut-gebucht \u2714 Nowo\u015bci \u2714 Oferty specjalne\u2714 Rabaty \u27a4 Zapisz si\u0119 teraz.\" \/>\n<meta name=\"twitter:image\" content=\"https:\/\/gut-gebucht.com\/wp-content\/uploads\/2023\/04\/header-newsletter-gutgebucht-1030x448.png\" \/>\n<meta name=\"twitter:label1\" content=\"Szacowany czas czytania\" \/>\n\t<meta name=\"twitter:data1\" content=\"4 minuty\" \/>\n<script type=\"application\/ld+json\" class=\"yoast-schema-graph\">{\"@context\":\"https:\\\/\\\/schema.org\",\"@graph\":[{\"@type\":\"WebPage\",\"@id\":\"https:\\\/\\\/gut-gebucht.com\\\/pl\\\/newsletter\\\/\",\"url\":\"https:\\\/\\\/gut-gebucht.com\\\/pl\\\/newsletter\\\/\",\"name\":\"Newsletter | gut-Hotels\",\"isPartOf\":{\"@id\":\"\\\/#website\"},\"datePublished\":\"2023-04-17T06:53:42+00:00\",\"dateModified\":\"2023-09-13T12:38:22+00:00\",\"description\":\"B\u0105d\u017a na bie\u017c\u0105co z naszym newsletterem gut-gebucht \u2714 Nowo\u015bci \u2714 Oferty specjalne\u2714 Rabaty \u27a4 Zapisz si\u0119 teraz.\",\"breadcrumb\":{\"@id\":\"https:\\\/\\\/gut-gebucht.com\\\/pl\\\/newsletter\\\/#breadcrumb\"},\"inLanguage\":\"pl-PL\",\"potentialAction\":[{\"@type\":\"ReadAction\",\"target\":[\"https:\\\/\\\/gut-gebucht.com\\\/pl\\\/newsletter\\\/\"]}]},{\"@type\":\"BreadcrumbList\",\"@id\":\"https:\\\/\\\/gut-gebucht.com\\\/pl\\\/newsletter\\\/#breadcrumb\",\"itemListElement\":[{\"@type\":\"ListItem\",\"position\":1,\"name\":\"Home\",\"item\":\"https:\\\/\\\/gut-gebucht.com\\\/pl\\\/\"},{\"@type\":\"ListItem\",\"position\":2,\"name\":\"Newsletter\"}]},{\"@type\":\"WebSite\",\"@id\":\"\\\/#website\",\"url\":\"\\\/\",\"name\":\"gut Hotels\",\"description\":\"gut GEBUCHT\",\"publisher\":{\"@id\":\"\\\/#organization\"},\"potentialAction\":[{\"@type\":\"SearchAction\",\"target\":{\"@type\":\"EntryPoint\",\"urlTemplate\":\"\\\/?s={search_term_string}\"},\"query-input\":{\"@type\":\"PropertyValueSpecification\",\"valueRequired\":true,\"valueName\":\"search_term_string\"}}],\"inLanguage\":\"pl-PL\"},{\"@type\":\"Organization\",\"@id\":\"\\\/#organization\",\"name\":\"gut Hotels\",\"url\":\"\\\/\",\"logo\":{\"@type\":\"ImageObject\",\"inLanguage\":\"pl-PL\",\"@id\":\"\\\/#\\\/schema\\\/logo\\\/image\\\/\",\"url\":\"https:\\\/\\\/gut-gebucht.com\\\/wp-content\\\/uploads\\\/2023\\\/03\\\/Versuch3-wellbooked-ohnewellbooked.png\",\"contentUrl\":\"https:\\\/\\\/gut-gebucht.com\\\/wp-content\\\/uploads\\\/2023\\\/03\\\/Versuch3-wellbooked-ohnewellbooked.png\",\"width\":1448,\"height\":1448,\"caption\":\"gut Hotels\"},\"image\":{\"@id\":\"\\\/#\\\/schema\\\/logo\\\/image\\\/\"},\"sameAs\":[\"https:\\\/\\\/www.facebook.com\\\/gutHotels\",\"https:\\\/\\\/www.instagram.com\\\/gut_hotels\\\/\"]}]}<\/script>\n<!-- \/ Yoast SEO plugin. -->","yoast_head_json":{"title":"Newsletter | gut-Hotels","description":"B\u0105d\u017a na bie\u017c\u0105co z naszym newsletterem gut-gebucht \u2714 Nowo\u015bci \u2714 Oferty specjalne\u2714 Rabaty \u27a4 Zapisz si\u0119 teraz.","robots":{"index":"index","follow":"follow","max-snippet":"max-snippet:-1","max-image-preview":"max-image-preview:large","max-video-preview":"max-video-preview:-1"},"canonical":"https:\/\/gut-gebucht.com\/pl\/newsletter\/","og_locale":"pl_PL","og_type":"article","og_title":"Newsletter | gut-Hotels","og_description":"B\u0105d\u017a na bie\u017c\u0105co z naszym newsletterem gut-gebucht \u2714 Nowo\u015bci \u2714 Oferty specjalne\u2714 Rabaty \u27a4 Zapisz si\u0119 teraz.","og_url":"https:\/\/gut-gebucht.com\/pl\/newsletter\/","og_site_name":"gut GEBUCHT","article_publisher":"https:\/\/www.facebook.com\/gutHotels","article_modified_time":"2023-09-13T12:38:22+00:00","og_image":[{"url":"https:\/\/gut-gebucht.com\/wp-content\/uploads\/2023\/04\/header-newsletter-gutgebucht-1030x448.png","type":"","width":"","height":""}],"twitter_card":"summary_large_image","twitter_title":"Newsletter | gut-Hotels","twitter_description":"B\u0105d\u017a na bie\u017c\u0105co z naszym newsletterem gut-gebucht \u2714 Nowo\u015bci \u2714 Oferty specjalne\u2714 Rabaty \u27a4 Zapisz si\u0119 teraz.","twitter_image":"https:\/\/gut-gebucht.com\/wp-content\/uploads\/2023\/04\/header-newsletter-gutgebucht-1030x448.png","twitter_misc":{"Szacowany czas czytania":"4 minuty"},"schema":{"@context":"https:\/\/schema.org","@graph":[{"@type":"WebPage","@id":"https:\/\/gut-gebucht.com\/pl\/newsletter\/","url":"https:\/\/gut-gebucht.com\/pl\/newsletter\/","name":"Newsletter | gut-Hotels","isPartOf":{"@id":"\/#website"},"datePublished":"2023-04-17T06:53:42+00:00","dateModified":"2023-09-13T12:38:22+00:00","description":"B\u0105d\u017a na bie\u017c\u0105co z naszym newsletterem gut-gebucht \u2714 Nowo\u015bci \u2714 Oferty specjalne\u2714 Rabaty \u27a4 Zapisz si\u0119 teraz.","breadcrumb":{"@id":"https:\/\/gut-gebucht.com\/pl\/newsletter\/#breadcrumb"},"inLanguage":"pl-PL","potentialAction":[{"@type":"ReadAction","target":["https:\/\/gut-gebucht.com\/pl\/newsletter\/"]}]},{"@type":"BreadcrumbList","@id":"https:\/\/gut-gebucht.com\/pl\/newsletter\/#breadcrumb","itemListElement":[{"@type":"ListItem","position":1,"name":"Home","item":"https:\/\/gut-gebucht.com\/pl\/"},{"@type":"ListItem","position":2,"name":"Newsletter"}]},{"@type":"WebSite","@id":"\/#website","url":"\/","name":"gut Hotels","description":"gut GEBUCHT","publisher":{"@id":"\/#organization"},"potentialAction":[{"@type":"SearchAction","target":{"@type":"EntryPoint","urlTemplate":"\/?s={search_term_string}"},"query-input":{"@type":"PropertyValueSpecification","valueRequired":true,"valueName":"search_term_string"}}],"inLanguage":"pl-PL"},{"@type":"Organization","@id":"\/#organization","name":"gut Hotels","url":"\/","logo":{"@type":"ImageObject","inLanguage":"pl-PL","@id":"\/#\/schema\/logo\/image\/","url":"https:\/\/gut-gebucht.com\/wp-content\/uploads\/2023\/03\/Versuch3-wellbooked-ohnewellbooked.png","contentUrl":"https:\/\/gut-gebucht.com\/wp-content\/uploads\/2023\/03\/Versuch3-wellbooked-ohnewellbooked.png","width":1448,"height":1448,"caption":"gut Hotels"},"image":{"@id":"\/#\/schema\/logo\/image\/"},"sameAs":["https:\/\/www.facebook.com\/gutHotels","https:\/\/www.instagram.com\/gut_hotels\/"]}]}},"_links":{"self":[{"href":"https:\/\/gut-gebucht.com\/pl\/wp-json\/wp\/v2\/pages\/12701","targetHints":{"allow":["GET"]}}],"collection":[{"href":"https:\/\/gut-gebucht.com\/pl\/wp-json\/wp\/v2\/pages"}],"about":[{"href":"https:\/\/gut-gebucht.com\/pl\/wp-json\/wp\/v2\/types\/page"}],"author":[{"embeddable":true,"href":"https:\/\/gut-gebucht.com\/pl\/wp-json\/wp\/v2\/users\/1"}],"replies":[{"embeddable":true,"href":"https:\/\/gut-gebucht.com\/pl\/wp-json\/wp\/v2\/comments?post=12701"}],"version-history":[{"count":8,"href":"https:\/\/gut-gebucht.com\/pl\/wp-json\/wp\/v2\/pages\/12701\/revisions"}],"predecessor-version":[{"id":17703,"href":"https:\/\/gut-gebucht.com\/pl\/wp-json\/wp\/v2\/pages\/12701\/revisions\/17703"}],"wp:attachment":[{"href":"https:\/\/gut-gebucht.com\/pl\/wp-json\/wp\/v2\/media?parent=12701"}],"curies":[{"name":"wp","href":"https:\/\/api.w.org\/{rel}","templated":true}]}}