{"id":12695,"date":"2023-01-04T15:02:08","date_gmt":"2023-01-04T14:02:08","guid":{"rendered":"https:\/\/gut-gebucht.com\/kontakt\/"},"modified":"2023-05-02T12:37:11","modified_gmt":"2023-05-02T10:37:11","slug":"kontakt","status":"publish","type":"page","link":"https:\/\/gut-gebucht.com\/pl\/kontakt\/","title":{"rendered":"Kontakt"},"content":{"rendered":"\n<style type=\"text\/css\" data-created_by=\"avia_inline_auto\" id=\"style-css-av-jptok5-9dbc4af29991ea98f59564129ba925b7\">\n.avia-section.av-jptok5-9dbc4af29991ea98f59564129ba925b7{\nbackground-repeat:no-repeat;\nbackground-image:url(https:\/\/gut-gebucht.com\/wp-content\/uploads\/2023\/03\/kontakt.jpg);\nbackground-position:50% 50%;\nbackground-attachment:scroll;\n}\n<\/style>\n<div id='av_section_1'  class='avia-section av-jptok5-9dbc4af29991ea98f59564129ba925b7 main_color avia-section-default avia-no-border-styling  avia-builder-el-0  el_before_av_section  avia-builder-el-first  wave avia-full-stretch avia-bg-style-scroll av-minimum-height av-minimum-height-100  container_wrap fullsize'  data-section-bg-repeat='stretch' data-av_minimum_height_pc='100'><div class='container av-section-cont-open' ><main  role=\"main\" itemprop=\"mainContentOfPage\"  class='template-page content  av-content-full alpha units'><div class='post-entry post-entry-type-page post-entry-12695'><div class='entry-content-wrapper clearfix'>\n<\/div><\/div><\/main><!-- close content main element --><\/div><\/div><div id='av_section_2'  class='avia-section av-jiuxh-183c4c2540c2ecfa9768b76858521c6e main_color avia-section-default avia-no-border-styling  avia-builder-el-1  el_after_av_section  avia-builder-el-last  avia-bg-style-scroll container_wrap fullsize'  ><div class='container av-section-cont-open' ><div class='template-page content  av-content-full alpha units'><div class='post-entry post-entry-type-page post-entry-12695'><div class='entry-content-wrapper clearfix'>\n<div class='flex_column av-4jdm45-a7a5a75a274b7961f808fcc476c8f345 av_one_half  avia-builder-el-2  el_before_av_one_half  avia-builder-el-first  first flex_column_div '     ><p>\n<style type=\"text\/css\" data-created_by=\"avia_inline_auto\" id=\"style-css-av-lchqcifm-adb104a79f0ec7ad00210d235edd446e\">\n#top .av-special-heading.av-lchqcifm-adb104a79f0ec7ad00210d235edd446e{\npadding-bottom:10px;\n}\nbody .av-special-heading.av-lchqcifm-adb104a79f0ec7ad00210d235edd446e .av-special-heading-tag .heading-char{\nfont-size:25px;\n}\n.av-special-heading.av-lchqcifm-adb104a79f0ec7ad00210d235edd446e .av-subheading{\nfont-size:15px;\n}\n<\/style>\n<div  class='av-special-heading av-lchqcifm-adb104a79f0ec7ad00210d235edd446e av-special-heading-h1 blockquote modern-quote  avia-builder-el-3  el_before_av_codeblock  avia-builder-el-first '><h1 class='av-special-heading-tag'  itemprop=\"headline\"  >Formularz kontaktowy<\/h1><div class=\"special-heading-border\"><div class=\"special-heading-inner-border\"><\/div><\/div><\/div><br \/>\n<\/p><\/div><div class='flex_column av-33dm51-692c62706670095fee8be89e3e8d88a7 av_one_half  avia-builder-el-5  el_after_av_one_half  avia-builder-el-last  flex_column_div '     ><p>\n<style type=\"text\/css\" data-created_by=\"avia_inline_auto\" id=\"style-css-av-lchqcney-b8de4e09407c917404d22e85947171a2\">\n#top .av-special-heading.av-lchqcney-b8de4e09407c917404d22e85947171a2{\npadding-bottom:10px;\n}\nbody .av-special-heading.av-lchqcney-b8de4e09407c917404d22e85947171a2 .av-special-heading-tag .heading-char{\nfont-size:25px;\n}\n.av-special-heading.av-lchqcney-b8de4e09407c917404d22e85947171a2 .av-subheading{\nfont-size:15px;\n}\n<\/style>\n<div  class='av-special-heading av-lchqcney-b8de4e09407c917404d22e85947171a2 av-special-heading-h2 blockquote modern-quote  avia-builder-el-6  el_before_av_textblock  avia-builder-el-first '><h2 class='av-special-heading-tag'  itemprop=\"headline\"  >Dane kontaktowe <\/h2><div class=\"special-heading-border\"><div class=\"special-heading-inner-border\"><\/div><\/div><\/div><br \/>\n<section  class='av_textblock_section av-le2srvj9-1231247654d3c85a38f846851b4fc47d'  itemscope=\"itemscope\" itemtype=\"https:\/\/schema.org\/CreativeWork\" ><div class='avia_textblock  os-textblock-padding--4ecc308545be370a689242dd66445ca2'  itemprop=\"text\" ><p><strong>Franz Tranow KG<\/strong><br \/>\nHammer Str. 26<br \/>\n48153 M\u00fcnster<br \/>\nFon: <a href=\"tel:+492515346020\">+49 (0)251 \/ 534602-0<\/a><br \/>\nFax: <a href=\"tel:+492515346029\">+49 (0)251 \/ 534602-9<\/a><br \/>\nE-Mail: <a href=\"mailto:info@gut-gebucht.com\">info@gut-gebucht.com<\/a><br \/>\nInternet: <a href=\"https:\/\/gut-gebucht.com\/pl\/\">www.gut-gebucht.com<\/a><\/p>\n<\/div><\/section><\/p><\/div>\n","protected":false},"excerpt":{"rendered":"","protected":false},"author":3,"featured_media":0,"parent":0,"menu_order":0,"comment_status":"closed","ping_status":"closed","template":"","meta":{"_acf_changed":false,"footnotes":""},"class_list":["post-12695","page","type-page","status-publish","hentry"],"acf":[],"yoast_head":"<!-- This site is optimized with the Yoast SEO plugin v27.5 - https:\/\/yoast.com\/product\/yoast-seo-wordpress\/ -->\n<title>Kontakt | gut-Hotels<\/title>\n<meta name=\"description\" content=\"Zawsze ch\u0119tnie odpowiemy na Pa\u0144stwa pytania i wys\u0142uchamy sugestii. Nie wahaj si\u0119 skontaktowa\u0107 z nami bezpo\u015brednio!\" \/>\n<meta name=\"robots\" content=\"index, follow, max-snippet:-1, max-image-preview:large, max-video-preview:-1\" \/>\n<link rel=\"canonical\" href=\"https:\/\/gut-gebucht.com\/pl\/kontakt\/\" \/>\n<meta property=\"og:locale\" content=\"pl_PL\" \/>\n<meta property=\"og:type\" content=\"article\" \/>\n<meta property=\"og:title\" content=\"Kontakt | gut-Hotels\" \/>\n<meta property=\"og:description\" content=\"Zawsze ch\u0119tnie odpowiemy na Pa\u0144stwa pytania i wys\u0142uchamy sugestii. Nie wahaj si\u0119 skontaktowa\u0107 z nami bezpo\u015brednio!\" \/>\n<meta property=\"og:url\" content=\"https:\/\/gut-gebucht.com\/pl\/kontakt\/\" \/>\n<meta property=\"og:site_name\" content=\"gut GEBUCHT\" \/>\n<meta property=\"article:publisher\" content=\"https:\/\/www.facebook.com\/gutHotels\" \/>\n<meta property=\"article:modified_time\" content=\"2023-05-02T10:37:11+00:00\" \/>\n<meta property=\"og:image\" content=\"https:\/\/gut-gebucht.com\/wp-content\/uploads\/2023\/03\/kontakt-1030x687.jpg\" \/>\n<meta name=\"twitter:card\" content=\"summary_large_image\" \/>\n<meta name=\"twitter:title\" content=\"Kontakt | gut-Hotels\" \/>\n<meta name=\"twitter:description\" content=\"Zawsze ch\u0119tnie odpowiemy na Pa\u0144stwa pytania i wys\u0142uchamy sugestii. Nie wahaj si\u0119 skontaktowa\u0107 z nami bezpo\u015brednio!\" \/>\n<meta name=\"twitter:image\" content=\"https:\/\/gut-gebucht.com\/wp-content\/uploads\/2023\/03\/kontakt-1030x687.jpg\" \/>\n<meta name=\"twitter:label1\" content=\"Szacowany czas czytania\" \/>\n\t<meta name=\"twitter:data1\" content=\"4 minuty\" \/>\n<script type=\"application\/ld+json\" class=\"yoast-schema-graph\">{\"@context\":\"https:\\\/\\\/schema.org\",\"@graph\":[{\"@type\":\"WebPage\",\"@id\":\"https:\\\/\\\/gut-gebucht.com\\\/pl\\\/kontakt\\\/\",\"url\":\"https:\\\/\\\/gut-gebucht.com\\\/pl\\\/kontakt\\\/\",\"name\":\"Kontakt | gut-Hotels\",\"isPartOf\":{\"@id\":\"\\\/#website\"},\"datePublished\":\"2023-01-04T14:02:08+00:00\",\"dateModified\":\"2023-05-02T10:37:11+00:00\",\"description\":\"Zawsze ch\u0119tnie odpowiemy na Pa\u0144stwa pytania i wys\u0142uchamy sugestii. Nie wahaj si\u0119 skontaktowa\u0107 z nami bezpo\u015brednio!\",\"breadcrumb\":{\"@id\":\"https:\\\/\\\/gut-gebucht.com\\\/pl\\\/kontakt\\\/#breadcrumb\"},\"inLanguage\":\"pl-PL\",\"potentialAction\":[{\"@type\":\"ReadAction\",\"target\":[\"https:\\\/\\\/gut-gebucht.com\\\/pl\\\/kontakt\\\/\"]}]},{\"@type\":\"BreadcrumbList\",\"@id\":\"https:\\\/\\\/gut-gebucht.com\\\/pl\\\/kontakt\\\/#breadcrumb\",\"itemListElement\":[{\"@type\":\"ListItem\",\"position\":1,\"name\":\"Home\",\"item\":\"https:\\\/\\\/gut-gebucht.com\\\/pl\\\/\"},{\"@type\":\"ListItem\",\"position\":2,\"name\":\"Kontakt\"}]},{\"@type\":\"WebSite\",\"@id\":\"\\\/#website\",\"url\":\"\\\/\",\"name\":\"gut Hotels\",\"description\":\"gut GEBUCHT\",\"publisher\":{\"@id\":\"\\\/#organization\"},\"potentialAction\":[{\"@type\":\"SearchAction\",\"target\":{\"@type\":\"EntryPoint\",\"urlTemplate\":\"\\\/?s={search_term_string}\"},\"query-input\":{\"@type\":\"PropertyValueSpecification\",\"valueRequired\":true,\"valueName\":\"search_term_string\"}}],\"inLanguage\":\"pl-PL\"},{\"@type\":\"Organization\",\"@id\":\"\\\/#organization\",\"name\":\"gut Hotels\",\"url\":\"\\\/\",\"logo\":{\"@type\":\"ImageObject\",\"inLanguage\":\"pl-PL\",\"@id\":\"\\\/#\\\/schema\\\/logo\\\/image\\\/\",\"url\":\"https:\\\/\\\/gut-gebucht.com\\\/wp-content\\\/uploads\\\/2023\\\/03\\\/Versuch3-wellbooked-ohnewellbooked.png\",\"contentUrl\":\"https:\\\/\\\/gut-gebucht.com\\\/wp-content\\\/uploads\\\/2023\\\/03\\\/Versuch3-wellbooked-ohnewellbooked.png\",\"width\":1448,\"height\":1448,\"caption\":\"gut Hotels\"},\"image\":{\"@id\":\"\\\/#\\\/schema\\\/logo\\\/image\\\/\"},\"sameAs\":[\"https:\\\/\\\/www.facebook.com\\\/gutHotels\",\"https:\\\/\\\/www.instagram.com\\\/gut_hotels\\\/\"]}]}<\/script>\n<!-- \/ Yoast SEO plugin. -->","yoast_head_json":{"title":"Kontakt | gut-Hotels","description":"Zawsze ch\u0119tnie odpowiemy na Pa\u0144stwa pytania i wys\u0142uchamy sugestii. Nie wahaj si\u0119 skontaktowa\u0107 z nami bezpo\u015brednio!","robots":{"index":"index","follow":"follow","max-snippet":"max-snippet:-1","max-image-preview":"max-image-preview:large","max-video-preview":"max-video-preview:-1"},"canonical":"https:\/\/gut-gebucht.com\/pl\/kontakt\/","og_locale":"pl_PL","og_type":"article","og_title":"Kontakt | gut-Hotels","og_description":"Zawsze ch\u0119tnie odpowiemy na Pa\u0144stwa pytania i wys\u0142uchamy sugestii. Nie wahaj si\u0119 skontaktowa\u0107 z nami bezpo\u015brednio!","og_url":"https:\/\/gut-gebucht.com\/pl\/kontakt\/","og_site_name":"gut GEBUCHT","article_publisher":"https:\/\/www.facebook.com\/gutHotels","article_modified_time":"2023-05-02T10:37:11+00:00","og_image":[{"url":"https:\/\/gut-gebucht.com\/wp-content\/uploads\/2023\/03\/kontakt-1030x687.jpg","type":"","width":"","height":""}],"twitter_card":"summary_large_image","twitter_title":"Kontakt | gut-Hotels","twitter_description":"Zawsze ch\u0119tnie odpowiemy na Pa\u0144stwa pytania i wys\u0142uchamy sugestii. Nie wahaj si\u0119 skontaktowa\u0107 z nami bezpo\u015brednio!","twitter_image":"https:\/\/gut-gebucht.com\/wp-content\/uploads\/2023\/03\/kontakt-1030x687.jpg","twitter_misc":{"Szacowany czas czytania":"4 minuty"},"schema":{"@context":"https:\/\/schema.org","@graph":[{"@type":"WebPage","@id":"https:\/\/gut-gebucht.com\/pl\/kontakt\/","url":"https:\/\/gut-gebucht.com\/pl\/kontakt\/","name":"Kontakt | gut-Hotels","isPartOf":{"@id":"\/#website"},"datePublished":"2023-01-04T14:02:08+00:00","dateModified":"2023-05-02T10:37:11+00:00","description":"Zawsze ch\u0119tnie odpowiemy na Pa\u0144stwa pytania i wys\u0142uchamy sugestii. Nie wahaj si\u0119 skontaktowa\u0107 z nami bezpo\u015brednio!","breadcrumb":{"@id":"https:\/\/gut-gebucht.com\/pl\/kontakt\/#breadcrumb"},"inLanguage":"pl-PL","potentialAction":[{"@type":"ReadAction","target":["https:\/\/gut-gebucht.com\/pl\/kontakt\/"]}]},{"@type":"BreadcrumbList","@id":"https:\/\/gut-gebucht.com\/pl\/kontakt\/#breadcrumb","itemListElement":[{"@type":"ListItem","position":1,"name":"Home","item":"https:\/\/gut-gebucht.com\/pl\/"},{"@type":"ListItem","position":2,"name":"Kontakt"}]},{"@type":"WebSite","@id":"\/#website","url":"\/","name":"gut Hotels","description":"gut GEBUCHT","publisher":{"@id":"\/#organization"},"potentialAction":[{"@type":"SearchAction","target":{"@type":"EntryPoint","urlTemplate":"\/?s={search_term_string}"},"query-input":{"@type":"PropertyValueSpecification","valueRequired":true,"valueName":"search_term_string"}}],"inLanguage":"pl-PL"},{"@type":"Organization","@id":"\/#organization","name":"gut Hotels","url":"\/","logo":{"@type":"ImageObject","inLanguage":"pl-PL","@id":"\/#\/schema\/logo\/image\/","url":"https:\/\/gut-gebucht.com\/wp-content\/uploads\/2023\/03\/Versuch3-wellbooked-ohnewellbooked.png","contentUrl":"https:\/\/gut-gebucht.com\/wp-content\/uploads\/2023\/03\/Versuch3-wellbooked-ohnewellbooked.png","width":1448,"height":1448,"caption":"gut Hotels"},"image":{"@id":"\/#\/schema\/logo\/image\/"},"sameAs":["https:\/\/www.facebook.com\/gutHotels","https:\/\/www.instagram.com\/gut_hotels\/"]}]}},"_links":{"self":[{"href":"https:\/\/gut-gebucht.com\/pl\/wp-json\/wp\/v2\/pages\/12695","targetHints":{"allow":["GET"]}}],"collection":[{"href":"https:\/\/gut-gebucht.com\/pl\/wp-json\/wp\/v2\/pages"}],"about":[{"href":"https:\/\/gut-gebucht.com\/pl\/wp-json\/wp\/v2\/types\/page"}],"author":[{"embeddable":true,"href":"https:\/\/gut-gebucht.com\/pl\/wp-json\/wp\/v2\/users\/3"}],"replies":[{"embeddable":true,"href":"https:\/\/gut-gebucht.com\/pl\/wp-json\/wp\/v2\/comments?post=12695"}],"version-history":[{"count":3,"href":"https:\/\/gut-gebucht.com\/pl\/wp-json\/wp\/v2\/pages\/12695\/revisions"}],"predecessor-version":[{"id":12717,"href":"https:\/\/gut-gebucht.com\/pl\/wp-json\/wp\/v2\/pages\/12695\/revisions\/12717"}],"wp:attachment":[{"href":"https:\/\/gut-gebucht.com\/pl\/wp-json\/wp\/v2\/media?parent=12695"}],"curies":[{"name":"wp","href":"https:\/\/api.w.org\/{rel}","templated":true}]}}