{"id":12692,"date":"2023-01-04T15:05:05","date_gmt":"2023-01-04T14:05:05","guid":{"rendered":"https:\/\/gut-gebucht.com\/impressum\/"},"modified":"2023-04-28T06:54:02","modified_gmt":"2023-04-28T04:54:02","slug":"impressum","status":"publish","type":"page","link":"https:\/\/gut-gebucht.com\/pl\/impressum\/","title":{"rendered":"Impressum"},"content":{"rendered":"<div id='av_section_1'  class='avia-section av-3p6alo-6444b14b4195374894f4d970065a1a19 main_color avia-section-default avia-no-border-styling  avia-builder-el-0  avia-builder-el-no-sibling  avia-bg-style-scroll container_wrap fullsize'  ><div class='container av-section-cont-open' ><main  role=\"main\" itemprop=\"mainContentOfPage\"  class='template-page content  av-content-full alpha units'><div class='post-entry post-entry-type-page post-entry-12692'><div class='entry-content-wrapper clearfix'>\n<div class='flex_column av-2x92bw-fd814ce09fb0a4dd9c8148146671dfa7 av_one_full  avia-builder-el-1  avia-builder-el-no-sibling  first flex_column_div '     ><p>\n<style type=\"text\/css\" data-created_by=\"avia_inline_auto\" id=\"style-css-av-lchqe9o5-20f158e1c6fbedcf7ffde57d6925df4e\">\n#top .av-special-heading.av-lchqe9o5-20f158e1c6fbedcf7ffde57d6925df4e{\npadding-bottom:10px;\ncolor:#82bf89;\n}\nbody .av-special-heading.av-lchqe9o5-20f158e1c6fbedcf7ffde57d6925df4e .av-special-heading-tag .heading-char{\nfont-size:25px;\n}\n.av-special-heading.av-lchqe9o5-20f158e1c6fbedcf7ffde57d6925df4e .special-heading-inner-border{\nborder-color:#82bf89;\n}\n.av-special-heading.av-lchqe9o5-20f158e1c6fbedcf7ffde57d6925df4e .av-subheading{\nfont-size:15px;\n}\n<\/style>\n<div  class='av-special-heading av-lchqe9o5-20f158e1c6fbedcf7ffde57d6925df4e av-special-heading-h1 custom-color-heading blockquote modern-quote  avia-builder-el-2  el_before_av_textblock  avia-builder-el-first '><h1 class='av-special-heading-tag'  itemprop=\"headline\"  >Impressum<\/h1><div class=\"special-heading-border\"><div class=\"special-heading-inner-border\"><\/div><\/div><\/div><br \/>\n<section  class='av_textblock_section av-lchqecy2-66cd0e8eb3f1dc26cead802880e53a49'  itemscope=\"itemscope\" itemtype=\"https:\/\/schema.org\/CreativeWork\" ><div class='avia_textblock  os-textblock-padding--0f237d19bbb4cc78fe8dd17cf165e6b5'  itemprop=\"text\" ><p><strong>Franz Tranow KG<\/strong><br \/>\nHammer Str. 26<br \/>\n48153 M\u00fcnster<br \/>\nFon: <a href=\"tel:+492515346020\">+49 (0)251 \/ 534602-0<\/a><br \/>\nFax: <a href=\"tel:+492515346029\">+49 (0)251 \/ 534602-9<\/a><br \/>\nE-Mail: <a href=\"mailto:info@gut-hotels.de\">info@gut-hotels.de<\/a><br \/>\nInternet: <a href=\"https:\/\/gut-gebucht.com\/pl\/\">www.gut-hotels.de<\/a><\/p>\n<p>Vertretungsberechtigter Gesellschafter (Komplement\u00e4r): Helmut Tranow<br \/>\nRegistergericht: Amtsgericht M\u00fcnster<br \/>\nRegisternummer: HR 1128<\/p>\n<p>FA 337\/5725\/0755<\/p>\n<p>Umsatzsteuer-Identifikationsnummer gem\u00e4\u00df \u00a7 27 a Umsatzsteuergesetz: DE 209087789<\/p>\n<p>Inhaltlich Verantwortlicher gem\u00e4\u00df \u00a7 55 Abs. 2 RStV: Helmut Tranow (Anschrift wie oben)<\/p>\n<p><strong>Informacja o odpowiedzialno\u015bci<\/strong><br \/>\nNie mamy wp\u0142ywu na aktualny i przysz\u0142y wygl\u0105d, tre\u015b\u0107 lub autorstwo stron, do kt\u00f3rych prowadz\u0105 linki. Dlatego te\u017c wyra\u017anie dystansujemy si\u0119 od wszystkich tre\u015bci wszystkich stron, do kt\u00f3rych prowadz\u0105 linki, kt\u00f3re zosta\u0142y zmienione po przelinkowaniu. Niniejsze o\u015bwiadczenie dotyczy wszystkich link\u00f3w i odno\u015bnik\u00f3w umieszczonych w naszej ofercie internetowej. Za nielegalne, b\u0142\u0119dne lub niekompletne tre\u015bci, a w szczeg\u00f3lno\u015bci za szkody wynikaj\u0105ce z wykorzystania lub niewykorzystania takich informacji, odpowiedzialno\u015b\u0107 ponosi wy\u0142\u0105cznie oferent strony, do kt\u00f3rej prowadzi link.<\/p>\n<p><strong>Pochodzenie zdj\u0119\u0107<\/strong><br \/>\nWi\u0119kszo\u015b\u0107 zdj\u0119\u0107 wykorzystanych na stronie pochodzi z archiwum Franz Tranow KG lub zosta\u0142a udost\u0119pniona za uprzejm\u0105 zgod\u0105 poszczeg\u00f3lnych hoteli nale\u017c\u0105cych do gut-Hotels. Prawa do wykorzystania zdj\u0119\u0107 posiada firma Franz Tranow KG. Prawa do zdj\u0119\u0107 nale\u017c\u0105 do fotograf\u00f3w. Wszelkie kopiowanie materia\u0142\u00f3w zdj\u0119ciowych do u\u017cytku prywatnego jak i komercyjnego wymaga zgody tw\u00f3rcy zdj\u0119\u0107. Pozosta\u0142e zdj\u0119cia na stronach gut-Hotels pochodz\u0105 z archiw\u00f3w zdj\u0119\u0107 partner\u00f3w firmy Franz Tranow KG.<\/p>\n<p><strong>Informacje obowi\u0105zkowe zgodnie z rozporz\u0105dzeniem Parlamentu Europejskiego i Rady (UE) nr 524\/2013:<\/strong><br \/>\nLink do strony g\u0142\u00f3wnej serwisu Komisji Europejskiej dotycz\u0105cego internetowego rozstrzygania spor\u00f3w konsumenckich: <a href=\"http:\/\/ec.europa.eu\/consumers\/odr\/\" target=\"_blank\" rel=\"noopener\">http:\/\/ec.europa.eu\/consumers\/odr\/<\/a> W przypadku wst\u0119pnych pyta\u0144 dotycz\u0105cych ewentualnego rozwi\u0105zania sporu, prosimy o kontakt pod adresem <a href=\"mailto:info@gut-hotels.de\">info@gut-hotels.de.<\/a><\/p>\n<\/div><\/section><\/p><\/div>\n","protected":false},"excerpt":{"rendered":"","protected":false},"author":3,"featured_media":0,"parent":0,"menu_order":0,"comment_status":"closed","ping_status":"closed","template":"","meta":{"_acf_changed":false,"footnotes":""},"class_list":["post-12692","page","type-page","status-publish","hentry"],"acf":[],"yoast_head":"<!-- This site is optimized with the Yoast SEO plugin v27.3 - https:\/\/yoast.com\/product\/yoast-seo-wordpress\/ -->\n<title>Nasze impressum | gut-Hotels<\/title>\n<meta name=\"description\" content=\"Tutaj znajdziesz Impressum gut-Hotels.\" \/>\n<meta name=\"robots\" content=\"index, follow, max-snippet:-1, max-image-preview:large, max-video-preview:-1\" \/>\n<link rel=\"canonical\" href=\"https:\/\/gut-gebucht.com\/pl\/impressum\/\" \/>\n<meta property=\"og:locale\" content=\"pl_PL\" \/>\n<meta property=\"og:type\" content=\"article\" \/>\n<meta property=\"og:title\" content=\"Nasze impressum | gut-Hotels\" \/>\n<meta property=\"og:description\" content=\"Tutaj znajdziesz Impressum gut-Hotels.\" \/>\n<meta property=\"og:url\" content=\"https:\/\/gut-gebucht.com\/pl\/impressum\/\" \/>\n<meta property=\"og:site_name\" content=\"gut GEBUCHT\" \/>\n<meta property=\"article:publisher\" content=\"https:\/\/www.facebook.com\/gutHotels\" \/>\n<meta property=\"article:modified_time\" content=\"2023-04-28T04:54:02+00:00\" \/>\n<meta property=\"og:image\" content=\"https:\/\/gut-gebucht.com\/wp-content\/uploads\/2023\/04\/Wein_gut_Hotel_Lenz_Mosel-Entdecker-Tage-1030x687.jpg\" \/>\n<meta name=\"twitter:card\" content=\"summary_large_image\" \/>\n<meta name=\"twitter:title\" content=\"Nasze impressum | gut-Hotels\" \/>\n<meta name=\"twitter:description\" content=\"Tutaj znajdziesz Impressum gut-Hotels.\" \/>\n<meta name=\"twitter:image\" content=\"https:\/\/gut-gebucht.com\/wp-content\/uploads\/2023\/04\/Wein_gut_Hotel_Lenz_Mosel-Entdecker-Tage-1030x687.jpg\" \/>\n<meta name=\"twitter:label1\" content=\"Szacowany czas czytania\" \/>\n\t<meta name=\"twitter:data1\" content=\"6 minut\" \/>\n<script type=\"application\/ld+json\" class=\"yoast-schema-graph\">{\"@context\":\"https:\\\/\\\/schema.org\",\"@graph\":[{\"@type\":\"WebPage\",\"@id\":\"https:\\\/\\\/gut-gebucht.com\\\/pl\\\/impressum\\\/\",\"url\":\"https:\\\/\\\/gut-gebucht.com\\\/pl\\\/impressum\\\/\",\"name\":\"Nasze impressum | gut-Hotels\",\"isPartOf\":{\"@id\":\"\\\/#website\"},\"datePublished\":\"2023-01-04T14:05:05+00:00\",\"dateModified\":\"2023-04-28T04:54:02+00:00\",\"description\":\"Tutaj znajdziesz Impressum gut-Hotels.\",\"breadcrumb\":{\"@id\":\"https:\\\/\\\/gut-gebucht.com\\\/pl\\\/impressum\\\/#breadcrumb\"},\"inLanguage\":\"pl-PL\",\"potentialAction\":[{\"@type\":\"ReadAction\",\"target\":[\"https:\\\/\\\/gut-gebucht.com\\\/pl\\\/impressum\\\/\"]}]},{\"@type\":\"BreadcrumbList\",\"@id\":\"https:\\\/\\\/gut-gebucht.com\\\/pl\\\/impressum\\\/#breadcrumb\",\"itemListElement\":[{\"@type\":\"ListItem\",\"position\":1,\"name\":\"Home\",\"item\":\"https:\\\/\\\/gut-gebucht.com\\\/pl\\\/startseite\\\/\"},{\"@type\":\"ListItem\",\"position\":2,\"name\":\"Impressum\"}]},{\"@type\":\"WebSite\",\"@id\":\"\\\/#website\",\"url\":\"\\\/\",\"name\":\"gut Hotels\",\"description\":\"gut GEBUCHT\",\"publisher\":{\"@id\":\"\\\/#organization\"},\"potentialAction\":[{\"@type\":\"SearchAction\",\"target\":{\"@type\":\"EntryPoint\",\"urlTemplate\":\"\\\/?s={search_term_string}\"},\"query-input\":{\"@type\":\"PropertyValueSpecification\",\"valueRequired\":true,\"valueName\":\"search_term_string\"}}],\"inLanguage\":\"pl-PL\"},{\"@type\":\"Organization\",\"@id\":\"\\\/#organization\",\"name\":\"gut Hotels\",\"url\":\"\\\/\",\"logo\":{\"@type\":\"ImageObject\",\"inLanguage\":\"pl-PL\",\"@id\":\"\\\/#\\\/schema\\\/logo\\\/image\\\/\",\"url\":\"https:\\\/\\\/gut-gebucht.com\\\/wp-content\\\/uploads\\\/2023\\\/03\\\/Versuch3-wellbooked-ohnewellbooked.png\",\"contentUrl\":\"https:\\\/\\\/gut-gebucht.com\\\/wp-content\\\/uploads\\\/2023\\\/03\\\/Versuch3-wellbooked-ohnewellbooked.png\",\"width\":1448,\"height\":1448,\"caption\":\"gut Hotels\"},\"image\":{\"@id\":\"\\\/#\\\/schema\\\/logo\\\/image\\\/\"},\"sameAs\":[\"https:\\\/\\\/www.facebook.com\\\/gutHotels\",\"https:\\\/\\\/www.instagram.com\\\/gut_hotels\\\/\"]}]}<\/script>\n<!-- \/ Yoast SEO plugin. -->","yoast_head_json":{"title":"Nasze impressum | gut-Hotels","description":"Tutaj znajdziesz Impressum gut-Hotels.","robots":{"index":"index","follow":"follow","max-snippet":"max-snippet:-1","max-image-preview":"max-image-preview:large","max-video-preview":"max-video-preview:-1"},"canonical":"https:\/\/gut-gebucht.com\/pl\/impressum\/","og_locale":"pl_PL","og_type":"article","og_title":"Nasze impressum | gut-Hotels","og_description":"Tutaj znajdziesz Impressum gut-Hotels.","og_url":"https:\/\/gut-gebucht.com\/pl\/impressum\/","og_site_name":"gut GEBUCHT","article_publisher":"https:\/\/www.facebook.com\/gutHotels","article_modified_time":"2023-04-28T04:54:02+00:00","og_image":[{"url":"https:\/\/gut-gebucht.com\/wp-content\/uploads\/2023\/04\/Wein_gut_Hotel_Lenz_Mosel-Entdecker-Tage-1030x687.jpg","type":"","width":"","height":""}],"twitter_card":"summary_large_image","twitter_title":"Nasze impressum | gut-Hotels","twitter_description":"Tutaj znajdziesz Impressum gut-Hotels.","twitter_image":"https:\/\/gut-gebucht.com\/wp-content\/uploads\/2023\/04\/Wein_gut_Hotel_Lenz_Mosel-Entdecker-Tage-1030x687.jpg","twitter_misc":{"Szacowany czas czytania":"6 minut"},"schema":{"@context":"https:\/\/schema.org","@graph":[{"@type":"WebPage","@id":"https:\/\/gut-gebucht.com\/pl\/impressum\/","url":"https:\/\/gut-gebucht.com\/pl\/impressum\/","name":"Nasze impressum | gut-Hotels","isPartOf":{"@id":"\/#website"},"datePublished":"2023-01-04T14:05:05+00:00","dateModified":"2023-04-28T04:54:02+00:00","description":"Tutaj znajdziesz Impressum gut-Hotels.","breadcrumb":{"@id":"https:\/\/gut-gebucht.com\/pl\/impressum\/#breadcrumb"},"inLanguage":"pl-PL","potentialAction":[{"@type":"ReadAction","target":["https:\/\/gut-gebucht.com\/pl\/impressum\/"]}]},{"@type":"BreadcrumbList","@id":"https:\/\/gut-gebucht.com\/pl\/impressum\/#breadcrumb","itemListElement":[{"@type":"ListItem","position":1,"name":"Home","item":"https:\/\/gut-gebucht.com\/pl\/startseite\/"},{"@type":"ListItem","position":2,"name":"Impressum"}]},{"@type":"WebSite","@id":"\/#website","url":"\/","name":"gut Hotels","description":"gut GEBUCHT","publisher":{"@id":"\/#organization"},"potentialAction":[{"@type":"SearchAction","target":{"@type":"EntryPoint","urlTemplate":"\/?s={search_term_string}"},"query-input":{"@type":"PropertyValueSpecification","valueRequired":true,"valueName":"search_term_string"}}],"inLanguage":"pl-PL"},{"@type":"Organization","@id":"\/#organization","name":"gut Hotels","url":"\/","logo":{"@type":"ImageObject","inLanguage":"pl-PL","@id":"\/#\/schema\/logo\/image\/","url":"https:\/\/gut-gebucht.com\/wp-content\/uploads\/2023\/03\/Versuch3-wellbooked-ohnewellbooked.png","contentUrl":"https:\/\/gut-gebucht.com\/wp-content\/uploads\/2023\/03\/Versuch3-wellbooked-ohnewellbooked.png","width":1448,"height":1448,"caption":"gut Hotels"},"image":{"@id":"\/#\/schema\/logo\/image\/"},"sameAs":["https:\/\/www.facebook.com\/gutHotels","https:\/\/www.instagram.com\/gut_hotels\/"]}]}},"_links":{"self":[{"href":"https:\/\/gut-gebucht.com\/pl\/wp-json\/wp\/v2\/pages\/12692","targetHints":{"allow":["GET"]}}],"collection":[{"href":"https:\/\/gut-gebucht.com\/pl\/wp-json\/wp\/v2\/pages"}],"about":[{"href":"https:\/\/gut-gebucht.com\/pl\/wp-json\/wp\/v2\/types\/page"}],"author":[{"embeddable":true,"href":"https:\/\/gut-gebucht.com\/pl\/wp-json\/wp\/v2\/users\/3"}],"replies":[{"embeddable":true,"href":"https:\/\/gut-gebucht.com\/pl\/wp-json\/wp\/v2\/comments?post=12692"}],"version-history":[{"count":2,"href":"https:\/\/gut-gebucht.com\/pl\/wp-json\/wp\/v2\/pages\/12692\/revisions"}],"predecessor-version":[{"id":12694,"href":"https:\/\/gut-gebucht.com\/pl\/wp-json\/wp\/v2\/pages\/12692\/revisions\/12694"}],"wp:attachment":[{"href":"https:\/\/gut-gebucht.com\/pl\/wp-json\/wp\/v2\/media?parent=12692"}],"curies":[{"name":"wp","href":"https:\/\/api.w.org\/{rel}","templated":true}]}}