{"id":12684,"date":"2023-03-06T12:46:52","date_gmt":"2023-03-06T11:46:52","guid":{"rendered":"https:\/\/gut-gebucht.com\/zapytanie-o-rezerwacje\/"},"modified":"2023-05-02T12:39:00","modified_gmt":"2023-05-02T10:39:00","slug":"zapytanie-o-rezerwacje","status":"publish","type":"page","link":"https:\/\/gut-gebucht.com\/pl\/zapytanie-o-rezerwacje\/","title":{"rendered":"Zapytanie o rezerwacj\u0119"},"content":{"rendered":"\n<style type=\"text\/css\" data-created_by=\"avia_inline_auto\" id=\"style-css-av-a4jnxx-c02a3bde6a9407cc01052b35fd2197ca\">\n.avia-section.av-a4jnxx-c02a3bde6a9407cc01052b35fd2197ca{\nbackground-repeat:no-repeat;\nbackground-image:url(https:\/\/gut-gebucht.com\/wp-content\/uploads\/2022\/12\/Schloss_gut_Hotel_Galiny_See-e1671618268432.jpg);\nbackground-position:50% 50%;\nbackground-attachment:scroll;\n}\n<\/style>\n<div id='av_section_1'  class='avia-section av-a4jnxx-c02a3bde6a9407cc01052b35fd2197ca main_color avia-section-default avia-no-border-styling  avia-builder-el-0  el_before_av_section  avia-builder-el-first  wave avia-full-stretch avia-bg-style-scroll av-minimum-height av-minimum-height-100  container_wrap fullsize'  data-section-bg-repeat='stretch' data-av_minimum_height_pc='100'><div class='container av-section-cont-open' ><main  role=\"main\" itemprop=\"mainContentOfPage\"  class='template-page content  av-content-full alpha units'><div class='post-entry post-entry-type-page post-entry-12684'><div class='entry-content-wrapper clearfix'>\n<\/div><\/div><\/main><!-- close content main element --><\/div><\/div><div id='av_section_2'  class='avia-section av-9t9xgl-6229dd6730583f1a277e4e96ba0840d6 main_color avia-section-default avia-no-border-styling  avia-builder-el-1  el_after_av_section  avia-builder-el-last  avia-bg-style-scroll container_wrap fullsize'  ><div class='container av-section-cont-open' ><div class='template-page content  av-content-full alpha units'><div class='post-entry post-entry-type-page post-entry-12684'><div class='entry-content-wrapper clearfix'>\n<div class='flex_column av-7szh6t-e0bc40153b7ddac2921e188bdaba8a16 av_one_half  avia-builder-el-2  el_before_av_one_half  avia-builder-el-first  first flex_column_div '     ><p>\n<style type=\"text\/css\" data-created_by=\"avia_inline_auto\" id=\"style-css-av-5l1e2t-7e1f0a83e0af151780ad090b1bf76943\">\n#top .av-special-heading.av-5l1e2t-7e1f0a83e0af151780ad090b1bf76943{\npadding-bottom:10px;\n}\nbody .av-special-heading.av-5l1e2t-7e1f0a83e0af151780ad090b1bf76943 .av-special-heading-tag .heading-char{\nfont-size:25px;\n}\n.av-special-heading.av-5l1e2t-7e1f0a83e0af151780ad090b1bf76943 .av-subheading{\nfont-size:15px;\n}\n<\/style>\n<div  class='av-special-heading av-5l1e2t-7e1f0a83e0af151780ad090b1bf76943 av-special-heading-h1 blockquote modern-quote  avia-builder-el-3  el_before_av_codeblock  avia-builder-el-first '><h1 class='av-special-heading-tag'  itemprop=\"headline\"  >Formularz kontaktowy<\/h1><div class=\"special-heading-border\"><div class=\"special-heading-inner-border\"><\/div><\/div><\/div><br \/>\n<\/p><\/div><div class='flex_column av-3i2x0l-5201cdef3383d72ef18a115259c51380 av_one_half  avia-builder-el-5  el_after_av_one_half  avia-builder-el-last  flex_column_div '     ><p>\n<style type=\"text\/css\" data-created_by=\"avia_inline_auto\" id=\"style-css-av-228pdh-68897b42f4b474e0402e3046b3e30339\">\n#top .av-special-heading.av-228pdh-68897b42f4b474e0402e3046b3e30339{\npadding-bottom:10px;\n}\nbody .av-special-heading.av-228pdh-68897b42f4b474e0402e3046b3e30339 .av-special-heading-tag .heading-char{\nfont-size:25px;\n}\n.av-special-heading.av-228pdh-68897b42f4b474e0402e3046b3e30339 .av-subheading{\nfont-size:15px;\n}\n<\/style>\n<div  class='av-special-heading av-228pdh-68897b42f4b474e0402e3046b3e30339 av-special-heading-h2 blockquote modern-quote  avia-builder-el-6  el_before_av_codeblock  avia-builder-el-first '><h2 class='av-special-heading-tag'  itemprop=\"headline\"  >Dane kontaktowe <\/h2><div class=\"special-heading-border\"><div class=\"special-heading-inner-border\"><\/div><\/div><\/div><br \/>\n<\/p><\/div>\n","protected":false},"excerpt":{"rendered":"","protected":false},"author":3,"featured_media":0,"parent":0,"menu_order":0,"comment_status":"closed","ping_status":"closed","template":"","meta":{"_acf_changed":false,"footnotes":""},"class_list":["post-12684","page","type-page","status-publish","hentry"],"acf":[],"yoast_head":"<!-- This site is optimized with the Yoast SEO plugin v27.4 - https:\/\/yoast.com\/product\/yoast-seo-wordpress\/ -->\n<title>Hotele i noclegi miejskie, pozamiejskie i nad morzem | gut-Hotels<\/title>\n<meta name=\"description\" content=\"Zainteresowany rezerwacj\u0105? Wy\u015blij nam swoje zapytanie o rezerwacj\u0119 poprzez formularz, e-mail lub telefon \u27a4 Skontaktuj si\u0119 z nami teraz.\" \/>\n<meta name=\"robots\" content=\"noindex, follow\" \/>\n<meta property=\"og:locale\" content=\"pl_PL\" \/>\n<meta property=\"og:type\" content=\"article\" \/>\n<meta property=\"og:title\" content=\"Hotele i noclegi miejskie, pozamiejskie i nad morzem | gut-Hotels\" \/>\n<meta property=\"og:description\" content=\"Zainteresowany rezerwacj\u0105? Wy\u015blij nam swoje zapytanie o rezerwacj\u0119 poprzez formularz, e-mail lub telefon \u27a4 Skontaktuj si\u0119 z nami teraz.\" \/>\n<meta property=\"og:url\" content=\"https:\/\/gut-gebucht.com\/pl\/zapytanie-o-rezerwacje\/\" \/>\n<meta property=\"og:site_name\" content=\"gut GEBUCHT\" \/>\n<meta property=\"article:publisher\" content=\"https:\/\/www.facebook.com\/gutHotels\" \/>\n<meta property=\"article:modified_time\" content=\"2023-05-02T10:39:00+00:00\" \/>\n<meta property=\"og:image\" content=\"https:\/\/gut-gebucht.com\/wp-content\/uploads\/2022\/12\/Schloss_gut_Hotel_Galiny_See-e1671618268432-1030x687.jpg\" \/>\n<meta name=\"twitter:card\" content=\"summary_large_image\" \/>\n<meta name=\"twitter:title\" content=\"Hotele i noclegi miejskie, pozamiejskie i nad morzem | gut-Hotels\" \/>\n<meta name=\"twitter:description\" content=\"Zainteresowany rezerwacj\u0105? Wy\u015blij nam swoje zapytanie o rezerwacj\u0119 poprzez formularz, e-mail lub telefon \u27a4 Skontaktuj si\u0119 z nami teraz.\" \/>\n<meta name=\"twitter:image\" content=\"https:\/\/gut-gebucht.com\/wp-content\/uploads\/2022\/12\/Schloss_gut_Hotel_Galiny_See-e1671618268432-1030x687.jpg\" \/>\n<meta name=\"twitter:label1\" content=\"Szacowany czas czytania\" \/>\n\t<meta name=\"twitter:data1\" content=\"3 minuty\" \/>\n<script type=\"application\/ld+json\" class=\"yoast-schema-graph\">{\"@context\":\"https:\\\/\\\/schema.org\",\"@graph\":[{\"@type\":\"WebPage\",\"@id\":\"https:\\\/\\\/gut-gebucht.com\\\/pl\\\/zapytanie-o-rezerwacje\\\/\",\"url\":\"https:\\\/\\\/gut-gebucht.com\\\/pl\\\/zapytanie-o-rezerwacje\\\/\",\"name\":\"Hotele i noclegi miejskie, pozamiejskie i nad morzem | gut-Hotels\",\"isPartOf\":{\"@id\":\"\\\/#website\"},\"datePublished\":\"2023-03-06T11:46:52+00:00\",\"dateModified\":\"2023-05-02T10:39:00+00:00\",\"description\":\"Zainteresowany rezerwacj\u0105? Wy\u015blij nam swoje zapytanie o rezerwacj\u0119 poprzez formularz, e-mail lub telefon \u27a4 Skontaktuj si\u0119 z nami teraz.\",\"breadcrumb\":{\"@id\":\"https:\\\/\\\/gut-gebucht.com\\\/pl\\\/zapytanie-o-rezerwacje\\\/#breadcrumb\"},\"inLanguage\":\"pl-PL\",\"potentialAction\":[{\"@type\":\"ReadAction\",\"target\":[\"https:\\\/\\\/gut-gebucht.com\\\/pl\\\/zapytanie-o-rezerwacje\\\/\"]}]},{\"@type\":\"BreadcrumbList\",\"@id\":\"https:\\\/\\\/gut-gebucht.com\\\/pl\\\/zapytanie-o-rezerwacje\\\/#breadcrumb\",\"itemListElement\":[{\"@type\":\"ListItem\",\"position\":1,\"name\":\"Home\",\"item\":\"https:\\\/\\\/gut-gebucht.com\\\/pl\\\/startseite\\\/\"},{\"@type\":\"ListItem\",\"position\":2,\"name\":\"Zapytanie o rezerwacj\u0119\"}]},{\"@type\":\"WebSite\",\"@id\":\"\\\/#website\",\"url\":\"\\\/\",\"name\":\"gut Hotels\",\"description\":\"gut GEBUCHT\",\"publisher\":{\"@id\":\"\\\/#organization\"},\"potentialAction\":[{\"@type\":\"SearchAction\",\"target\":{\"@type\":\"EntryPoint\",\"urlTemplate\":\"\\\/?s={search_term_string}\"},\"query-input\":{\"@type\":\"PropertyValueSpecification\",\"valueRequired\":true,\"valueName\":\"search_term_string\"}}],\"inLanguage\":\"pl-PL\"},{\"@type\":\"Organization\",\"@id\":\"\\\/#organization\",\"name\":\"gut Hotels\",\"url\":\"\\\/\",\"logo\":{\"@type\":\"ImageObject\",\"inLanguage\":\"pl-PL\",\"@id\":\"\\\/#\\\/schema\\\/logo\\\/image\\\/\",\"url\":\"https:\\\/\\\/gut-gebucht.com\\\/wp-content\\\/uploads\\\/2023\\\/03\\\/Versuch3-wellbooked-ohnewellbooked.png\",\"contentUrl\":\"https:\\\/\\\/gut-gebucht.com\\\/wp-content\\\/uploads\\\/2023\\\/03\\\/Versuch3-wellbooked-ohnewellbooked.png\",\"width\":1448,\"height\":1448,\"caption\":\"gut Hotels\"},\"image\":{\"@id\":\"\\\/#\\\/schema\\\/logo\\\/image\\\/\"},\"sameAs\":[\"https:\\\/\\\/www.facebook.com\\\/gutHotels\",\"https:\\\/\\\/www.instagram.com\\\/gut_hotels\\\/\"]}]}<\/script>\n<!-- \/ Yoast SEO plugin. -->","yoast_head_json":{"title":"Hotele i noclegi miejskie, pozamiejskie i nad morzem | gut-Hotels","description":"Zainteresowany rezerwacj\u0105? Wy\u015blij nam swoje zapytanie o rezerwacj\u0119 poprzez formularz, e-mail lub telefon \u27a4 Skontaktuj si\u0119 z nami teraz.","robots":{"index":"noindex","follow":"follow"},"og_locale":"pl_PL","og_type":"article","og_title":"Hotele i noclegi miejskie, pozamiejskie i nad morzem | gut-Hotels","og_description":"Zainteresowany rezerwacj\u0105? Wy\u015blij nam swoje zapytanie o rezerwacj\u0119 poprzez formularz, e-mail lub telefon \u27a4 Skontaktuj si\u0119 z nami teraz.","og_url":"https:\/\/gut-gebucht.com\/pl\/zapytanie-o-rezerwacje\/","og_site_name":"gut GEBUCHT","article_publisher":"https:\/\/www.facebook.com\/gutHotels","article_modified_time":"2023-05-02T10:39:00+00:00","og_image":[{"url":"https:\/\/gut-gebucht.com\/wp-content\/uploads\/2022\/12\/Schloss_gut_Hotel_Galiny_See-e1671618268432-1030x687.jpg","type":"","width":"","height":""}],"twitter_card":"summary_large_image","twitter_title":"Hotele i noclegi miejskie, pozamiejskie i nad morzem | gut-Hotels","twitter_description":"Zainteresowany rezerwacj\u0105? Wy\u015blij nam swoje zapytanie o rezerwacj\u0119 poprzez formularz, e-mail lub telefon \u27a4 Skontaktuj si\u0119 z nami teraz.","twitter_image":"https:\/\/gut-gebucht.com\/wp-content\/uploads\/2022\/12\/Schloss_gut_Hotel_Galiny_See-e1671618268432-1030x687.jpg","twitter_misc":{"Szacowany czas czytania":"3 minuty"},"schema":{"@context":"https:\/\/schema.org","@graph":[{"@type":"WebPage","@id":"https:\/\/gut-gebucht.com\/pl\/zapytanie-o-rezerwacje\/","url":"https:\/\/gut-gebucht.com\/pl\/zapytanie-o-rezerwacje\/","name":"Hotele i noclegi miejskie, pozamiejskie i nad morzem | gut-Hotels","isPartOf":{"@id":"\/#website"},"datePublished":"2023-03-06T11:46:52+00:00","dateModified":"2023-05-02T10:39:00+00:00","description":"Zainteresowany rezerwacj\u0105? Wy\u015blij nam swoje zapytanie o rezerwacj\u0119 poprzez formularz, e-mail lub telefon \u27a4 Skontaktuj si\u0119 z nami teraz.","breadcrumb":{"@id":"https:\/\/gut-gebucht.com\/pl\/zapytanie-o-rezerwacje\/#breadcrumb"},"inLanguage":"pl-PL","potentialAction":[{"@type":"ReadAction","target":["https:\/\/gut-gebucht.com\/pl\/zapytanie-o-rezerwacje\/"]}]},{"@type":"BreadcrumbList","@id":"https:\/\/gut-gebucht.com\/pl\/zapytanie-o-rezerwacje\/#breadcrumb","itemListElement":[{"@type":"ListItem","position":1,"name":"Home","item":"https:\/\/gut-gebucht.com\/pl\/startseite\/"},{"@type":"ListItem","position":2,"name":"Zapytanie o rezerwacj\u0119"}]},{"@type":"WebSite","@id":"\/#website","url":"\/","name":"gut Hotels","description":"gut GEBUCHT","publisher":{"@id":"\/#organization"},"potentialAction":[{"@type":"SearchAction","target":{"@type":"EntryPoint","urlTemplate":"\/?s={search_term_string}"},"query-input":{"@type":"PropertyValueSpecification","valueRequired":true,"valueName":"search_term_string"}}],"inLanguage":"pl-PL"},{"@type":"Organization","@id":"\/#organization","name":"gut Hotels","url":"\/","logo":{"@type":"ImageObject","inLanguage":"pl-PL","@id":"\/#\/schema\/logo\/image\/","url":"https:\/\/gut-gebucht.com\/wp-content\/uploads\/2023\/03\/Versuch3-wellbooked-ohnewellbooked.png","contentUrl":"https:\/\/gut-gebucht.com\/wp-content\/uploads\/2023\/03\/Versuch3-wellbooked-ohnewellbooked.png","width":1448,"height":1448,"caption":"gut Hotels"},"image":{"@id":"\/#\/schema\/logo\/image\/"},"sameAs":["https:\/\/www.facebook.com\/gutHotels","https:\/\/www.instagram.com\/gut_hotels\/"]}]}},"_links":{"self":[{"href":"https:\/\/gut-gebucht.com\/pl\/wp-json\/wp\/v2\/pages\/12684","targetHints":{"allow":["GET"]}}],"collection":[{"href":"https:\/\/gut-gebucht.com\/pl\/wp-json\/wp\/v2\/pages"}],"about":[{"href":"https:\/\/gut-gebucht.com\/pl\/wp-json\/wp\/v2\/types\/page"}],"author":[{"embeddable":true,"href":"https:\/\/gut-gebucht.com\/pl\/wp-json\/wp\/v2\/users\/3"}],"replies":[{"embeddable":true,"href":"https:\/\/gut-gebucht.com\/pl\/wp-json\/wp\/v2\/comments?post=12684"}],"version-history":[{"count":4,"href":"https:\/\/gut-gebucht.com\/pl\/wp-json\/wp\/v2\/pages\/12684\/revisions"}],"predecessor-version":[{"id":12722,"href":"https:\/\/gut-gebucht.com\/pl\/wp-json\/wp\/v2\/pages\/12684\/revisions\/12722"}],"wp:attachment":[{"href":"https:\/\/gut-gebucht.com\/pl\/wp-json\/wp\/v2\/media?parent=12684"}],"curies":[{"name":"wp","href":"https:\/\/api.w.org\/{rel}","templated":true}]}}