{"id":12676,"date":"2022-10-14T12:36:40","date_gmt":"2022-10-14T10:36:40","guid":{"rendered":"https:\/\/gut-gebucht.com\/pakiety\/"},"modified":"2023-04-28T06:24:09","modified_gmt":"2023-04-28T04:24:09","slug":"pakiety","status":"publish","type":"page","link":"https:\/\/gut-gebucht.com\/pl\/pakiety\/","title":{"rendered":"Pakiety"},"content":{"rendered":"<div id='av_section_1'  class='avia-section av-ld0479ze-8baa4101602627f6dff2d34d1933abe7 main_color avia-section-default avia-no-border-styling  avia-builder-el-0  avia-builder-el-no-sibling  avia-bg-style-scroll container_wrap fullsize'  ><div class='container av-section-cont-open' ><main  role=\"main\" itemprop=\"mainContentOfPage\"  class='template-page content  av-content-full alpha units'><div class='post-entry post-entry-type-page post-entry-12676'><div class='entry-content-wrapper clearfix'>\n<div class='flex_column av-xk9x-084d98d9958f6dd95efeaf143ada686b av_one_full  avia-builder-el-1  avia-builder-el-no-sibling  first flex_column_div '     ><section  class='av_textblock_section av-ld1olyjg-9fc28648c2eb33dba9caba5db687d893'  itemscope=\"itemscope\" itemtype=\"https:\/\/schema.org\/CreativeWork\" ><div class='avia_textblock  os-textblock-padding--26bbdd59d73413929f20aa411ee62bd4'  itemprop=\"text\" ><div id=\"filter\">\n\t\n\t\n\t\n\t\n\t\n\t\n\t\n\t\n\t\n\t\t\n<div id=\"menu\">\n\t<ul>\n\t\t<li class=\"active--filter\"><a class=\"filter-reset\" href=\"#\" data-type=\"all\">Poka\u017c wszystkie<\/a><\/li>\t\n\t\t\t\t<li><a href=\"#\" data-type=\"krotki-wypad\">Kr\u00f3tki wypad<\/a><\/li>\n\t\t\t\t<li><a href=\"#\" data-type=\"last-minute-pl\">Last Minute<\/a><\/li>\n\t\t\t\t<li><a href=\"#\" data-type=\"obiadokolacja\">Obiadokolacja<\/a><\/li>\n\t\t\t\t<li><a href=\"#\" data-type=\"urlop-z-psem\">Urlop z psem<\/a><\/li>\n\t\t\t\n\t<\/ul> \n\t<input id=\"loadFilter\" type=\"hidden\" value=\"\">\n<\/div>\n\n\n<div class=\"grid-container\" id=\"guteangebote\">\t\n\t\t\n\t<div class=\"gridgriditem grid-item place placeitem view\n\t\ttype-urlaub-mit-dem-hund \">\n\t\n\t\t<div class=\"inner_box\" data-id=\"17884\">\n\t\t\t\n\t\t\t<div class=\"inner_box_sizer\"><\/div>\n\t\t\t<div class=\"inner_box__backgroundimage\" style=\"background-image: url('https:\/\/gut-gebucht.com\/wp-content\/uploads\/2023\/09\/kann-benutzt-werden-Fotolia_51827007.jpg');\">\n\t\t\t\t<div class=\"inner_box__layer\"><\/div>\n\t\t\t<\/div>\n\t\t\t\n\t\t\t<div class=\"open_circle\">\n\t\t\t\t<div class=\"icon_scroll_details\">\n\t\t\t\t\t\n\t\t\t\t<\/div>\n\t\t\t<\/div>\n\t\t\t\n\t\t\t<div class=\"info_short_container__angebote\">\n\t\t\t\t\t<div class=\"hotel-infos\"><a href=\"https:\/\/gut-gebucht.com\/hotel\/land-gut-hotel-landhaus-heidehof\/\">Land-gut-Hotel Landhaus Heidehof<\/a><\/div>\n\t\t\t\t\t<div class=\"big-headline\">Urlop z psem <\/div>\n\t\t\t\t\t<div class=\"small-headline\"><p>2 noclegi ze \u015bniadaniem i 1 kolacja.<\/p>\n<\/div>\n\t\t\t<\/div>\n\t\t\t\n\t\t\t<div class=\"short_angebote_price price\"><small>od<\/small> 124,00\u20ac <small>p.P.<\/small><\/div>\n\t\t\t\n\t\t\t\n\t\t\t<div class=\"hidden__infoContainer\">\n\t\t\t\t<div class=\"inner-more-infos\">\n\t\t\t\t\t<div class=\"description\">\n\t\t\t\t\t\t<p><b>Das Angebot beinhaltet: <\/b><\/p>\n<ul>\n<li>2 noclegi<\/li>\n<li>2 \u015bniadania<\/li>\n<li>1 kolacja<\/li>\n<li>bep\u0142atny pobyt czwornoga<\/li>\n<li>bep\u0142atna karma<\/li>\n<\/ul>\n\n\t\t\t\t\t<\/div>\n\t\t\t\t<\/div>\n\t\t\t<\/div>\n\t\t\t\n\t\t\t\n\t\t\t<a href=\"https:\/\/booking.profitroom.com\/de\/heidehofclenzerschweiz\/details\/offer\/449506?no-cache=&currency=EUR\" target=\"_blank\" rel=\"noopener\"><div class=\"booking_button\">Rezerwuj<\/div><\/a>\n\t\t\t\n\t\t<\/div>\n\t<\/div>\n\t\n\t\t\n\t<div class=\"gridgriditem grid-item place placeitem view\n\t\ttype-obiadokolacja type-urlop-z-psem \">\n\t\n\t\t<div class=\"inner_box\" data-id=\"17651\">\n\t\t\t\n\t\t\t<div class=\"inner_box_sizer\"><\/div>\n\t\t\t<div class=\"inner_box__backgroundimage\" style=\"background-image: url('https:\/\/gut-gebucht.com\/wp-content\/uploads\/2023\/09\/04ylflQHC3E1miXP.jpg');\">\n\t\t\t\t<div class=\"inner_box__layer\"><\/div>\n\t\t\t<\/div>\n\t\t\t\n\t\t\t<div class=\"open_circle\">\n\t\t\t\t<div class=\"icon_scroll_details\">\n\t\t\t\t\t\n\t\t\t\t<\/div>\n\t\t\t<\/div>\n\t\t\t\n\t\t\t<div class=\"info_short_container__angebote\">\n\t\t\t\t\t<div class=\"hotel-infos\"><a href=\"https:\/\/gut-gebucht.com\/hotel\/land-gut-hotel-winter\/\">Land-gut-Hotel Winter<\/a><\/div>\n\t\t\t\t\t<div class=\"big-headline\">Urlop z psem<\/div>\n\t\t\t\t\t<div class=\"small-headline\"><p>2 noclegi ze \u015bniadaniem i obiadokalacj\u0105<\/p>\n<\/div>\n\t\t\t<\/div>\n\t\t\t\n\t\t\t<div class=\"short_angebote_price price\"><small>od<\/small> 82,00\u20ac <small>p.P.<\/small><\/div>\n\t\t\t\n\t\t\t\n\t\t\t<div class=\"hidden__infoContainer\">\n\t\t\t\t<div class=\"inner-more-infos\">\n\t\t\t\t\t<div class=\"description\">\n\t\t\t\t\t\t<p><strong>Oferta zawiera<\/strong><\/p>\n<ul>\n<li>2 noclegi ze \u015bniadaniem<\/li>\n<li>2x obiadokolacja<\/li>\n<li>bezp\u0142atny pobyt czworonoga<\/li>\n<li>bezp\u0142atna karma<\/li>\n<\/ul>\n<p><strong>Oferta wa\u017cna w okresie od 01.09. &#8211; 31.10.\u00a0<\/strong><\/p>\n\t\t\t\t\t<\/div>\n\t\t\t\t<\/div>\n\t\t\t<\/div>\n\t\t\t\n\t\t\t\n\t\t\t<a href=\"https:\/\/booking.profitroom.com\/de\/wintereggerode\/details\/offer\/361536?no-cache=&currency=EUR\" target=\"_blank\" rel=\"noopener\"><div class=\"booking_button\">Rezerwuj<\/div><\/a>\n\t\t\t\n\t\t<\/div>\n\t<\/div>\n\t\n\t\t\n\t<div class=\"gridgriditem grid-item place placeitem view\n\t\ttype-last-minute-pl \">\n\t\n\t\t<div class=\"inner_box\" data-id=\"17717\">\n\t\t\t\n\t\t\t<div class=\"inner_box_sizer\"><\/div>\n\t\t\t<div class=\"inner_box__backgroundimage\" style=\"background-image: url('https:\/\/gut-gebucht.com\/wp-content\/uploads\/2023\/02\/Land_gut_hotel_Parschaenke_Zabeltitz_Hochzeitsarrangement.jpg');\">\n\t\t\t\t<div class=\"inner_box__layer\"><\/div>\n\t\t\t<\/div>\n\t\t\t\n\t\t\t<div class=\"open_circle\">\n\t\t\t\t<div class=\"icon_scroll_details\">\n\t\t\t\t\t\n\t\t\t\t<\/div>\n\t\t\t<\/div>\n\t\t\t\n\t\t\t<div class=\"info_short_container__angebote\">\n\t\t\t\t\t<div class=\"hotel-infos\"><a href=\"https:\/\/gut-gebucht.com\/?post_type=hotel&p=2827\">Land-gut-Hotel Parksch\u00e4nke Zabeltitz<\/a><\/div>\n\t\t\t\t\t<div class=\"big-headline\">\"Die Verf\u00fchrung\" - Hochzeitsarrangement<\/div>\n\t\t\t\t\t<div class=\"small-headline\"><p>1 \u00dcbernachtung inkl. Halbpension<\/p>\n<\/div>\n\t\t\t<\/div>\n\t\t\t\n\t\t\t<div class=\"short_angebote_price price\"><small>od<\/small> 72,50\u20ac <small>p.P.<\/small><\/div>\n\t\t\t\n\t\t\t\n\t\t\t<div class=\"hidden__infoContainer\">\n\t\t\t\t<div class=\"inner-more-infos\">\n\t\t\t\t\t<div class=\"description\">\n\t\t\t\t\t\t<p>Feiern Sie die Wiederholung Ihres Hochzeitstages zu Zweit allein!<\/p>\n<p><strong>In dem Angebot sind folgende Leistungen enthalten:<\/strong><\/p>\n<ul>\n<li>1 \u00dcbernachtung in der Hochzeitssuite inkl. Fr\u00fchst\u00fcck<\/li>\n<li>Romantik-Men\u00fc mit Aperitif und Tischwein<\/li>\n<\/ul>\n\t\t\t\t\t<\/div>\n\t\t\t\t<\/div>\n\t\t\t<\/div>\n\t\t\t\n\t\t\t\n\t\t\t<a href=\"https:\/\/booking.profitroom.com\/de\/parkschaenkezabeltitz\/details\/offer\/29650?no-cache=&currency=EUR\" target=\"_blank\" rel=\"noopener\"><div class=\"booking_button\">Rezerwuj<\/div><\/a>\n\t\t\t\n\t\t<\/div>\n\t<\/div>\n\t\n\t\t\n\t<div class=\"gridgriditem grid-item place placeitem view\n\t\ttype-urlop-z-psem \">\n\t\n\t\t<div class=\"inner_box\" data-id=\"17877\">\n\t\t\t\n\t\t\t<div class=\"inner_box_sizer\"><\/div>\n\t\t\t<div class=\"inner_box__backgroundimage\" style=\"background-image: url('https:\/\/gut-gebucht.com\/wp-content\/uploads\/2023\/09\/Seifert-Urlaub-mit-dem-Klein-Hund-Fotolia_57784946.jpg');\">\n\t\t\t\t<div class=\"inner_box__layer\"><\/div>\n\t\t\t<\/div>\n\t\t\t\n\t\t\t<div class=\"open_circle\">\n\t\t\t\t<div class=\"icon_scroll_details\">\n\t\t\t\t\t\n\t\t\t\t<\/div>\n\t\t\t<\/div>\n\t\t\t\n\t\t\t<div class=\"info_short_container__angebote\">\n\t\t\t\t\t<div class=\"hotel-infos\"><a href=\"https:\/\/gut-gebucht.com\/hotel\/land-gut-hotel-cafe-meier\/\">Land-gut-Hotel Caf\u00e9 Meier Garni<\/a><\/div>\n\t\t\t\t\t<div class=\"big-headline\">Urlop z psem<\/div>\n\t\t\t\t\t<div class=\"small-headline\"><p>od 2 nocy ze \u015bniadaniem<\/p>\n<\/div>\n\t\t\t<\/div>\n\t\t\t\n\t\t\t<div class=\"short_angebote_price price\"><small>od<\/small> 124,00\u20ac <small>p.P.<\/small><\/div>\n\t\t\t\n\t\t\t\n\t\t\t<div class=\"hidden__infoContainer\">\n\t\t\t\t<div class=\"inner-more-infos\">\n\t\t\t\t\t<div class=\"description\">\n\t\t\t\t\t\t<p><strong>Oferta zawiera<\/strong><\/p>\n<ul>\n<li>Nocleg ze \u015bniadaniem<\/li>\n<li>bezp\u0142atny nocleg czworonoga<\/li>\n<li>bezp\u0142atna karma<\/li>\n<li>bezp\u0142atne Wi-Fi<\/li>\n<li>bezp\u0142atny parking<\/li>\n<\/ul>\n<p><strong>Oferta wa\u017cna w okresie od 01.09. &#8211; 31.10.\u00a0<\/strong><\/p>\n\t\t\t\t\t<\/div>\n\t\t\t\t<\/div>\n\t\t\t<\/div>\n\t\t\t\n\t\t\t\n\t\t\t<a href=\"https:\/\/booking.profitroom.com\/de\/cafemeier\/details\/offer\/119120?no-cache=&currency=EUR\" target=\"\" rel=\"noopener\"><div class=\"booking_button\">Rezerwuj<\/div><\/a>\n\t\t\t\n\t\t<\/div>\n\t<\/div>\n\t\n\t\t\n\t<div class=\"gridgriditem grid-item place placeitem view\n\t\ttype-krotki-wypad type-obiadokolacja type-urlop-z-psem \">\n\t\n\t\t<div class=\"inner_box\" data-id=\"17890\">\n\t\t\t\n\t\t\t<div class=\"inner_box_sizer\"><\/div>\n\t\t\t<div class=\"inner_box__backgroundimage\" style=\"background-image: url('https:\/\/gut-gebucht.com\/wp-content\/uploads\/2023\/02\/oTkPZM8cr6tdb2to.jpeg');\">\n\t\t\t\t<div class=\"inner_box__layer\"><\/div>\n\t\t\t<\/div>\n\t\t\t\n\t\t\t<div class=\"open_circle\">\n\t\t\t\t<div class=\"icon_scroll_details\">\n\t\t\t\t\t\n\t\t\t\t<\/div>\n\t\t\t<\/div>\n\t\t\t\n\t\t\t<div class=\"info_short_container__angebote\">\n\t\t\t\t\t<div class=\"hotel-infos\"><a href=\"https:\/\/gut-gebucht.com\/hotel\/land-gut-hotel-grashof\/\">Land-gut-Hotel Grashof<\/a><\/div>\n\t\t\t\t\t<div class=\"big-headline\">Urlop z psem<\/div>\n\t\t\t\t\t<div class=\"small-headline\"><p>2 noclegi z obiadokolacj\u0105<\/p>\n<\/div>\n\t\t\t<\/div>\n\t\t\t\n\t\t\t<div class=\"short_angebote_price price\"><small>od<\/small> 189,00\u20ac <small>p.P.<\/small><\/div>\n\t\t\t\n\t\t\t\n\t\t\t<div class=\"hidden__infoContainer\">\n\t\t\t\t<div class=\"inner-more-infos\">\n\t\t\t\t\t<div class=\"description\">\n\t\t\t\t\t\t<p><strong>Oferta zawiera:<\/strong><\/p>\n<ul>\n<li>2 noclegi<\/li>\n<li>2x regionalne \u015bniadanie<\/li>\n<li>2x kolacja<\/li>\n<li>1x bezp\u0142atny pobyt czworonoga<\/li>\n<li>bezp\u0142atna karma<\/li>\n<li>otoczenie lasu i \u0142\u0105ki<\/li>\n<\/ul>\n\t\t\t\t\t<\/div>\n\t\t\t\t<\/div>\n\t\t\t<\/div>\n\t\t\t\n\t\t\t\n\t\t\t<a href=\"https:\/\/booking.profitroom.com\/de\/landhotelgrashof\/details\/offer\/279286?no-cache=&currency=EUR\" target=\"_blank\" rel=\"noopener\"><div class=\"booking_button\">Rezerwuj<\/div><\/a>\n\t\t\t\n\t\t<\/div>\n\t<\/div>\n\t\n\t\t\n\t<div class=\"gridgriditem grid-item place placeitem view\n\t\ttype-obiadokolacja type-urlop-z-psem \">\n\t\n\t\t<div class=\"inner_box\" data-id=\"7853\">\n\t\t\t\n\t\t\t<div class=\"inner_box_sizer\"><\/div>\n\t\t\t<div class=\"inner_box__backgroundimage\" style=\"background-image: url('https:\/\/gut-gebucht.com\/wp-content\/uploads\/2023\/03\/Land_gut_hotel_zum_alten_forsthaus_happy_hunde_herbst.jpg');\">\n\t\t\t\t<div class=\"inner_box__layer\"><\/div>\n\t\t\t<\/div>\n\t\t\t\n\t\t\t<div class=\"open_circle\">\n\t\t\t\t<div class=\"icon_scroll_details\">\n\t\t\t\t\t\n\t\t\t\t<\/div>\n\t\t\t<\/div>\n\t\t\t\n\t\t\t<div class=\"info_short_container__angebote\">\n\t\t\t\t\t<div class=\"hotel-infos\"><a href=\"https:\/\/gut-gebucht.com\/hotel\/land-gut-hotel-zum-alten-forsthaus\/\">Land-gut-Hotel Zum Alten Forsthaus<\/a><\/div>\n\t\t\t\t\t<div class=\"big-headline\">Urlop z psem w Eifel<\/div>\n\t\t\t\t\t<div class=\"small-headline\"><p>2 noclegi z obiadokolacj\u0105<\/p>\n<\/div>\n\t\t\t<\/div>\n\t\t\t\n\t\t\t<div class=\"short_angebote_price price\"><small>od<\/small> 262,00\u20ac <small>p.P.<\/small><\/div>\n\t\t\t\n\t\t\t\n\t\t\t<div class=\"hidden__infoContainer\">\n\t\t\t\t<div class=\"inner-more-infos\">\n\t\t\t\t\t<div class=\"description\">\n\t\t\t\t\t\t<p><strong>Oferta zawiera:<\/strong><\/p>\n<ul>\n<li>2 noclegi w komfortowych pokojach ze \u015bniadaniem<\/li>\n<li>2x obiadokolacja<\/li>\n<li>1x kawa lub herbata z ciastem<\/li>\n<li>bep\u0142atny pobyt czworonoga<\/li>\n<li>bezp\u0142atne korzystanie z basenu i sauny<\/li>\n<li>bep\u0142atny Wi-Fi<\/li>\n<li>bezp\u0142atny parking<\/li>\n<\/ul>\n<p><strong>Oferta wa\u017cna w okresie od 01.10. 31.10.<\/strong><\/p>\n\t\t\t\t\t<\/div>\n\t\t\t\t<\/div>\n\t\t\t<\/div>\n\t\t\t\n\t\t\t\n\t\t\t<a href=\"https:\/\/booking.profitroom.com\/de\/zumaltenforsthaus\/details\/offer\/402102?no-cache=&currency=EUR\" target=\"_blank\" rel=\"noopener\"><div class=\"booking_button\">Rezerwuj<\/div><\/a>\n\t\t\t\n\t\t<\/div>\n\t<\/div>\n\t\n\t<\/div>\n\t\n<\/div>\n\n\n\n<script>\t\nvar $document = jQuery(document);\n$document.ready(function() {\n    filterController();\t\n});\n\n$document.on('click','#menu a',function(event){\t\n\tevent.preventDefault();\n\tif (jQuery(this).hasClass(\"filter-reset\")) {\n\t\tjQuery(\".placeitem\").removeClass(\"view\");\n\t\tjQuery(\"#menu li\").removeClass(\"active--filter\"); \n\t\tvar current = \"all\";\n\t\tjQuery(\"#menu\").find(\"[data-type='\" + current + \"']\").parent().addClass(\"active--filter\"); \n\t\tjQuery(\".placeitem\").addClass(\"view\");\n\t\tjQuery(\"#loadFilter\").val(\"\");\n\t\tjQuery(\".clickedFilter\").removeClass(\"clickedFilter\");\n\t}\n\telse {\n\t\t\n\t\tjQuery(this).parent().toggleClass(\"active--filter\");\n\t\tjQuery(\".filter-reset\").parent().removeClass(\"active--filter\");\n\t\tjQuery(this).toggleClass(\"clickedFilter\");\n\n\t\tjQuery(\".placeitem\").removeClass(\"view\");\n\n\t\tvar $classesString = \".placeitem\";\n\n\t\tjQuery('#menu a[class=\"clickedFilter\"]').each(function(index,item){\n\t\t\tvar $thisData = jQuery(this).data(\"type\");\n\t\t\tjQuery(\".type-\" + $thisData).addClass(\"view\");\n\t\t});\n\t\t\/\/$(\"#loadFilter\").val($classesString);\t\t\n\t\t\/\/var $viewConstructor = \" \"+$classesString;\n\t\t\/\/console.log($viewConstructor);\n\t\t\/\/$($viewConstructor).addClass(\"view\");\n\t}\n\n\tif ( jQuery( \".view\" ).length ) { \n\t    jQuery( \"#errorbox\" ).hide();\t \n\t} \n\telse {\n\t\tjQuery( \"#errorbox\" ).show();\t\n\t}\n\treturn false;\n});\nfunction filterController(event) {\n\tvar $currentStatus = jQuery(\"#loadFilter\").val();\n\tconsole.log($currentStatus);\n\tif($currentStatus == \"\") {\n\t\tjQuery(\".placeitem\").addClass(\"view\");\n\t\tvar current = \"all\";\n\t\tjQuery(\"#menu\").find(\"[data-type='\" + current + \"']\").parent().addClass(\"active--filter\"); \n\t}\n\telse {\n\t\treturn false;\n\t}\n}\n\t\njQuery('.inner_box').click(function(){\n\tjQuery(this).toggleClass(\"overlay\");\n});\t\t\t\n<\/script>\n<\/div><\/section><\/div>\n\n","protected":false},"excerpt":{"rendered":"","protected":false},"author":1,"featured_media":0,"parent":0,"menu_order":0,"comment_status":"closed","ping_status":"closed","template":"","meta":{"_acf_changed":false,"footnotes":""},"class_list":["post-12676","page","type-page","status-publish","hentry"],"acf":[],"yoast_head":"<!-- This site is optimized with the Yoast SEO plugin v27.5 - https:\/\/yoast.com\/product\/yoast-seo-wordpress\/ -->\n<title>Tanie oferty i pakiety hotelowe | gut-Hotels<\/title>\n<meta name=\"description\" content=\"Znajd\u017a z nami tanie oferty hotelowe i sw\u00f3j idealny pakiet hotelowy. \u27a4 Zarezerwuj teraz bezpo\u015brednio i oszcz\u0119dzaj.\" \/>\n<meta name=\"robots\" content=\"index, follow, max-snippet:-1, max-image-preview:large, max-video-preview:-1\" \/>\n<link rel=\"canonical\" href=\"https:\/\/gut-gebucht.com\/pl\/pakiety\/\" \/>\n<meta property=\"og:locale\" content=\"pl_PL\" \/>\n<meta property=\"og:type\" content=\"article\" \/>\n<meta property=\"og:title\" content=\"Tanie oferty i pakiety hotelowe | gut-Hotels\" \/>\n<meta property=\"og:description\" content=\"Znajd\u017a z nami tanie oferty hotelowe i sw\u00f3j idealny pakiet hotelowy. \u27a4 Zarezerwuj teraz bezpo\u015brednio i oszcz\u0119dzaj.\" \/>\n<meta property=\"og:url\" content=\"https:\/\/gut-gebucht.com\/pl\/pakiety\/\" \/>\n<meta property=\"og:site_name\" content=\"gut GEBUCHT\" \/>\n<meta property=\"article:publisher\" content=\"https:\/\/www.facebook.com\/gutHotels\" \/>\n<meta property=\"article:modified_time\" content=\"2023-04-28T04:24:09+00:00\" \/>\n<meta property=\"og:image\" content=\"https:\/\/gut-gebucht.com\/wp-content\/uploads\/2023\/04\/frank-mckenna-282509-1030x686.jpg\" \/>\n<meta name=\"twitter:card\" content=\"summary_large_image\" \/>\n<meta name=\"twitter:title\" content=\"Tanie oferty i pakiety hotelowe | gut-Hotels\" \/>\n<meta name=\"twitter:description\" content=\"Znajd\u017a z nami tanie oferty hotelowe i sw\u00f3j idealny pakiet hotelowy. \u27a4 Zarezerwuj teraz bezpo\u015brednio i oszcz\u0119dzaj.\" \/>\n<meta name=\"twitter:image\" content=\"https:\/\/gut-gebucht.com\/wp-content\/uploads\/2023\/04\/frank-mckenna-282509-1030x686.jpg\" \/>\n<meta name=\"twitter:label1\" content=\"Szacowany czas czytania\" \/>\n\t<meta name=\"twitter:data1\" content=\"4 minuty\" \/>\n<script type=\"application\/ld+json\" class=\"yoast-schema-graph\">{\"@context\":\"https:\\\/\\\/schema.org\",\"@graph\":[{\"@type\":\"WebPage\",\"@id\":\"https:\\\/\\\/gut-gebucht.com\\\/pl\\\/pakiety\\\/\",\"url\":\"https:\\\/\\\/gut-gebucht.com\\\/pl\\\/pakiety\\\/\",\"name\":\"Tanie oferty i pakiety hotelowe | gut-Hotels\",\"isPartOf\":{\"@id\":\"\\\/#website\"},\"datePublished\":\"2022-10-14T10:36:40+00:00\",\"dateModified\":\"2023-04-28T04:24:09+00:00\",\"description\":\"Znajd\u017a z nami tanie oferty hotelowe i sw\u00f3j idealny pakiet hotelowy. \u27a4 Zarezerwuj teraz bezpo\u015brednio i oszcz\u0119dzaj.\",\"breadcrumb\":{\"@id\":\"https:\\\/\\\/gut-gebucht.com\\\/pl\\\/pakiety\\\/#breadcrumb\"},\"inLanguage\":\"pl-PL\",\"potentialAction\":[{\"@type\":\"ReadAction\",\"target\":[\"https:\\\/\\\/gut-gebucht.com\\\/pl\\\/pakiety\\\/\"]}]},{\"@type\":\"BreadcrumbList\",\"@id\":\"https:\\\/\\\/gut-gebucht.com\\\/pl\\\/pakiety\\\/#breadcrumb\",\"itemListElement\":[{\"@type\":\"ListItem\",\"position\":1,\"name\":\"Home\",\"item\":\"https:\\\/\\\/gut-gebucht.com\\\/pl\\\/\"},{\"@type\":\"ListItem\",\"position\":2,\"name\":\"Pakiety\"}]},{\"@type\":\"WebSite\",\"@id\":\"\\\/#website\",\"url\":\"\\\/\",\"name\":\"gut Hotels\",\"description\":\"gut GEBUCHT\",\"publisher\":{\"@id\":\"\\\/#organization\"},\"potentialAction\":[{\"@type\":\"SearchAction\",\"target\":{\"@type\":\"EntryPoint\",\"urlTemplate\":\"\\\/?s={search_term_string}\"},\"query-input\":{\"@type\":\"PropertyValueSpecification\",\"valueRequired\":true,\"valueName\":\"search_term_string\"}}],\"inLanguage\":\"pl-PL\"},{\"@type\":\"Organization\",\"@id\":\"\\\/#organization\",\"name\":\"gut Hotels\",\"url\":\"\\\/\",\"logo\":{\"@type\":\"ImageObject\",\"inLanguage\":\"pl-PL\",\"@id\":\"\\\/#\\\/schema\\\/logo\\\/image\\\/\",\"url\":\"https:\\\/\\\/gut-gebucht.com\\\/wp-content\\\/uploads\\\/2023\\\/03\\\/Versuch3-wellbooked-ohnewellbooked.png\",\"contentUrl\":\"https:\\\/\\\/gut-gebucht.com\\\/wp-content\\\/uploads\\\/2023\\\/03\\\/Versuch3-wellbooked-ohnewellbooked.png\",\"width\":1448,\"height\":1448,\"caption\":\"gut Hotels\"},\"image\":{\"@id\":\"\\\/#\\\/schema\\\/logo\\\/image\\\/\"},\"sameAs\":[\"https:\\\/\\\/www.facebook.com\\\/gutHotels\",\"https:\\\/\\\/www.instagram.com\\\/gut_hotels\\\/\"]}]}<\/script>\n<!-- \/ Yoast SEO plugin. -->","yoast_head_json":{"title":"Tanie oferty i pakiety hotelowe | gut-Hotels","description":"Znajd\u017a z nami tanie oferty hotelowe i sw\u00f3j idealny pakiet hotelowy. \u27a4 Zarezerwuj teraz bezpo\u015brednio i oszcz\u0119dzaj.","robots":{"index":"index","follow":"follow","max-snippet":"max-snippet:-1","max-image-preview":"max-image-preview:large","max-video-preview":"max-video-preview:-1"},"canonical":"https:\/\/gut-gebucht.com\/pl\/pakiety\/","og_locale":"pl_PL","og_type":"article","og_title":"Tanie oferty i pakiety hotelowe | gut-Hotels","og_description":"Znajd\u017a z nami tanie oferty hotelowe i sw\u00f3j idealny pakiet hotelowy. \u27a4 Zarezerwuj teraz bezpo\u015brednio i oszcz\u0119dzaj.","og_url":"https:\/\/gut-gebucht.com\/pl\/pakiety\/","og_site_name":"gut GEBUCHT","article_publisher":"https:\/\/www.facebook.com\/gutHotels","article_modified_time":"2023-04-28T04:24:09+00:00","og_image":[{"url":"https:\/\/gut-gebucht.com\/wp-content\/uploads\/2023\/04\/frank-mckenna-282509-1030x686.jpg","type":"","width":"","height":""}],"twitter_card":"summary_large_image","twitter_title":"Tanie oferty i pakiety hotelowe | gut-Hotels","twitter_description":"Znajd\u017a z nami tanie oferty hotelowe i sw\u00f3j idealny pakiet hotelowy. \u27a4 Zarezerwuj teraz bezpo\u015brednio i oszcz\u0119dzaj.","twitter_image":"https:\/\/gut-gebucht.com\/wp-content\/uploads\/2023\/04\/frank-mckenna-282509-1030x686.jpg","twitter_misc":{"Szacowany czas czytania":"4 minuty"},"schema":{"@context":"https:\/\/schema.org","@graph":[{"@type":"WebPage","@id":"https:\/\/gut-gebucht.com\/pl\/pakiety\/","url":"https:\/\/gut-gebucht.com\/pl\/pakiety\/","name":"Tanie oferty i pakiety hotelowe | gut-Hotels","isPartOf":{"@id":"\/#website"},"datePublished":"2022-10-14T10:36:40+00:00","dateModified":"2023-04-28T04:24:09+00:00","description":"Znajd\u017a z nami tanie oferty hotelowe i sw\u00f3j idealny pakiet hotelowy. \u27a4 Zarezerwuj teraz bezpo\u015brednio i oszcz\u0119dzaj.","breadcrumb":{"@id":"https:\/\/gut-gebucht.com\/pl\/pakiety\/#breadcrumb"},"inLanguage":"pl-PL","potentialAction":[{"@type":"ReadAction","target":["https:\/\/gut-gebucht.com\/pl\/pakiety\/"]}]},{"@type":"BreadcrumbList","@id":"https:\/\/gut-gebucht.com\/pl\/pakiety\/#breadcrumb","itemListElement":[{"@type":"ListItem","position":1,"name":"Home","item":"https:\/\/gut-gebucht.com\/pl\/"},{"@type":"ListItem","position":2,"name":"Pakiety"}]},{"@type":"WebSite","@id":"\/#website","url":"\/","name":"gut Hotels","description":"gut GEBUCHT","publisher":{"@id":"\/#organization"},"potentialAction":[{"@type":"SearchAction","target":{"@type":"EntryPoint","urlTemplate":"\/?s={search_term_string}"},"query-input":{"@type":"PropertyValueSpecification","valueRequired":true,"valueName":"search_term_string"}}],"inLanguage":"pl-PL"},{"@type":"Organization","@id":"\/#organization","name":"gut Hotels","url":"\/","logo":{"@type":"ImageObject","inLanguage":"pl-PL","@id":"\/#\/schema\/logo\/image\/","url":"https:\/\/gut-gebucht.com\/wp-content\/uploads\/2023\/03\/Versuch3-wellbooked-ohnewellbooked.png","contentUrl":"https:\/\/gut-gebucht.com\/wp-content\/uploads\/2023\/03\/Versuch3-wellbooked-ohnewellbooked.png","width":1448,"height":1448,"caption":"gut Hotels"},"image":{"@id":"\/#\/schema\/logo\/image\/"},"sameAs":["https:\/\/www.facebook.com\/gutHotels","https:\/\/www.instagram.com\/gut_hotels\/"]}]}},"_links":{"self":[{"href":"https:\/\/gut-gebucht.com\/pl\/wp-json\/wp\/v2\/pages\/12676","targetHints":{"allow":["GET"]}}],"collection":[{"href":"https:\/\/gut-gebucht.com\/pl\/wp-json\/wp\/v2\/pages"}],"about":[{"href":"https:\/\/gut-gebucht.com\/pl\/wp-json\/wp\/v2\/types\/page"}],"author":[{"embeddable":true,"href":"https:\/\/gut-gebucht.com\/pl\/wp-json\/wp\/v2\/users\/1"}],"replies":[{"embeddable":true,"href":"https:\/\/gut-gebucht.com\/pl\/wp-json\/wp\/v2\/comments?post=12676"}],"version-history":[{"count":1,"href":"https:\/\/gut-gebucht.com\/pl\/wp-json\/wp\/v2\/pages\/12676\/revisions"}],"predecessor-version":[{"id":12677,"href":"https:\/\/gut-gebucht.com\/pl\/wp-json\/wp\/v2\/pages\/12676\/revisions\/12677"}],"wp:attachment":[{"href":"https:\/\/gut-gebucht.com\/pl\/wp-json\/wp\/v2\/media?parent=12676"}],"curies":[{"name":"wp","href":"https:\/\/api.w.org\/{rel}","templated":true}]}}